{"id":100,"date":"2012-02-04T20:51:41","date_gmt":"2012-02-04T19:51:41","guid":{"rendered":"http:\/\/nueva.avlaflor.org\/?page_id=100"},"modified":"2021-09-19T18:23:02","modified_gmt":"2021-09-19T16:23:02","slug":"formas-de-participar","status":"publish","type":"page","link":"https:\/\/www.avlaflor.org\/?page_id=100","title":{"rendered":"Formas de participar"},"content":{"rendered":"\n<h2 class=\"has-black-color has-text-color wp-block-heading\">Puedes participar en la asociaci\u00f3n<\/h2>\n\n\n\n<h4 class=\"wp-block-heading\"><span style=\"color: #000000;\"><strong><a rel=\"noreferrer noopener\" href=\"https:\/\/docs.google.com\/forms\/d\/e\/1FAIpQLSfudDKE9ixI6h8zBG8M13OxdxV3tjtIAMwK99nzDRKow2yzhQ\/viewform\" target=\"_blank\">Asoci\u00e1ndote y contribuyendo con una aportaci\u00f3n econ\u00f3mica anual<\/a><\/strong>:  (entre 12 y 60\u20ac). Si vives en familia y quer\u00e9is asociaros varios miembros, pod\u00e9is hacerlo con una sola cuota.<\/span><\/h4>\n\n\n\n<ul class=\"wp-block-list\"><li><span style=\"color: #000000;\"><strong>Colaborando con tus conocimientos y habilidades<\/strong> (web, medios de comunicaci\u00f3n, &nbsp;publicaciones, &#8230;)<\/span><\/li><\/ul>\n\n\n\n<ul class=\"wp-block-list\"><li><strong>Contribuyendo a la difusi\u00f3n de actividades<\/strong> (mesas informativas, difusi\u00f3n por redes, carteler\u00eda&#8230;<\/li><\/ul>\n\n\n\n<ul class=\"wp-block-list\"><li><span style=\"color: #000000;\"><strong>Participando en las reuniones mensuales<\/strong> (opinando, proponiendo, debatiendo, decidiendo,&nbsp;responsabiliz\u00e1ndote&#8230;)<\/span><\/li><\/ul>\n\n\n\n<h4 class=\"wp-block-heading\"><strong>Participando en alguno de los <a href=\"https:\/\/www.avlaflor.org\/?page_id=3851\" data-type=\"page\" data-id=\"3851\">grupos de trabajo<\/a><\/strong><\/h4>\n\n\n\n<p class=\"has-black-color has-text-color has-medium-font-size\"><span style=\"color: #000000;\"><strong>Contribuyendo con una donaci\u00f3n<\/strong> (cuando quieras, siempre que quieras, lo que quieras&#8230;), en la cuenta de TRIODOS<\/span><\/p>\n\n\n\n<h2 class=\"has-medium-font-size wp-block-heading\">&nbsp;<strong>1491 0001 25 2006904227<\/strong><\/h2>\n","protected":false},"excerpt":{"rendered":"<p>Puedes participar en la asociaci\u00f3n Asoci\u00e1ndote y contribuyendo con una aportaci\u00f3n econ\u00f3mica anual: (entre 12 y 60\u20ac). Si vives en &hellip; <a href=\"https:\/\/www.avlaflor.org\/?page_id=100\" class=\"more-link\">M\u00e1s <span class=\"screen-reader-text\">Formas de participar<\/span> <span class=\"meta-nav\">&rarr;<\/span><\/a><\/p>\n","protected":false},"author":6,"featured_media":0,"parent":35,"menu_order":0,"comment_status":"closed","ping_status":"open","template":"","meta":{"jetpack_post_was_ever_published":false,"footnotes":""},"class_list":["post-100","page","type-page","status-publish","hentry"],"jetpack_sharing_enabled":true,"_links":{"self":[{"href":"https:\/\/www.avlaflor.org\/index.php?rest_route=\/wp\/v2\/pages\/100","targetHints":{"allow":["GET"]}}],"collection":[{"href":"https:\/\/www.avlaflor.org\/index.php?rest_route=\/wp\/v2\/pages"}],"about":[{"href":"https:\/\/www.avlaflor.org\/index.php?rest_route=\/wp\/v2\/types\/page"}],"author":[{"embeddable":true,"href":"https:\/\/www.avlaflor.org\/index.php?rest_route=\/wp\/v2\/users\/6"}],"replies":[{"embeddable":true,"href":"https:\/\/www.avlaflor.org\/index.php?rest_route=%2Fwp%2Fv2%2Fcomments&post=100"}],"version-history":[{"count":18,"href":"https:\/\/www.avlaflor.org\/index.php?rest_route=\/wp\/v2\/pages\/100\/revisions"}],"predecessor-version":[{"id":3874,"href":"https:\/\/www.avlaflor.org\/index.php?rest_route=\/wp\/v2\/pages\/100\/revisions\/3874"}],"up":[{"embeddable":true,"href":"https:\/\/www.avlaflor.org\/index.php?rest_route=\/wp\/v2\/pages\/35"}],"wp:attachment":[{"href":"https:\/\/www.avlaflor.org\/index.php?rest_route=%2Fwp%2Fv2%2Fmedia&parent=100"}],"curies":[{"name":"wp","href":"https:\/\/api.w.org\/{rel}","templated":true}]}}