{"id":1630,"date":"2018-08-02T19:17:03","date_gmt":"2018-08-02T17:17:03","guid":{"rendered":"http:\/\/www.avlaflor.org\/?page_id=1630"},"modified":"2021-09-19T18:49:08","modified_gmt":"2021-09-19T16:49:08","slug":"centro-comunitario-guatemala","status":"publish","type":"page","link":"https:\/\/www.avlaflor.org\/?page_id=1630","title":{"rendered":"El Centro Comunitario"},"content":{"rendered":"\n<p class=\"has-medium-font-size\">El Centro Comunitario Guatemala nace en febrero del 2018, tras a\u00f1os de ser reivindicado por colectivos del barrio del pilar como espacio vecinal, y tras el <strong><a href=\"http:\/\/www.avlaflor.org\/wp-content\/uploads\/2019\/12\/ConvenioColaboracionComAytoMayo17.pdf\" target=\"_blank\" rel=\"noreferrer noopener\" aria-label=\"convenio firmado entre la Comunidad de Madrid y el Ayuntamiento (opens in a new tab)\">convenio firmado entre la Comunidad de Madrid y el Ayuntamiento<\/a><\/strong>, que englobaba otros centros educativos.<\/p>\n\n\n\n<p class=\"has-medium-font-size\">En este marco, la Asociaci\u00f3n Vecinal La Flor, que desde el 2011 hab\u00edamos presentado ya varias propuestas de uso vecinal para el centro, solicit\u00f3 a la Junta de Distrito la cesi\u00f3n de uso de  un espacio autogestionado, ofreciendo a cambio <strong>organizar y gestionar la biblioteca-sala de estudio del centro.<\/strong><\/p>\n\n\n\n<p class=\"has-medium-font-size\">Esta actividad comunitaria, a la que dedicamos gran parte de nuestro tiempo, es solo una de las actuaciones en las que participamos, junto a otras personas voluntarias y diferentes entidades y proyectos que tienen su sede actual en el Ceco, entre ellas,  Aspa,  Queda-T, Scimmi Volanti, Asociaci\u00f3n de Comerciantes del barrio del Pilar, Asociaci\u00f3n Salvam\u00fasica, o las Escuelas Coreana y Polaca, que ya llevaban utilizando el centro los s\u00e1bados por la ma\u00f1ana desde hace varios a\u00f1os.<\/p>\n\n\n\n<p class=\"has-medium-font-size\">El <strong><a rel=\"noreferrer noopener\" aria-label=\"Centro Comunitario (opens in a new tab)\" href=\"https:\/\/www.facebook.com\/CentroComunitarioGuatemala\/\" target=\"_blank\">Centro Comunitario<\/a><\/strong> es un espacio abierto a la iniciativa de la ciudadan\u00eda del distrito y esperamos que, en su momento, la Comunidad de Madrid no solo renueve el convenio de colaboraci\u00f3n con el Ayuntamiento, sino que adem\u00e1s lo haga extensible a los otros dos centros educativos del distrito que a\u00fan permanecen vac\u00edos como el de Arroyo Fresno, o con poco uso (y solo privado) como el Enrique Granados.<\/p>\n","protected":false},"excerpt":{"rendered":"<p>El Centro Comunitario Guatemala nace en febrero del 2018, tras a\u00f1os de ser reivindicado por colectivos del barrio del pilar &hellip; <a href=\"https:\/\/www.avlaflor.org\/?page_id=1630\" class=\"more-link\">M\u00e1s <span class=\"screen-reader-text\">El Centro Comunitario<\/span> <span class=\"meta-nav\">&rarr;<\/span><\/a><\/p>\n","protected":false},"author":6,"featured_media":0,"parent":0,"menu_order":1,"comment_status":"closed","ping_status":"open","template":"","meta":{"jetpack_post_was_ever_published":false,"footnotes":""},"class_list":["post-1630","page","type-page","status-publish","hentry"],"jetpack_sharing_enabled":true,"_links":{"self":[{"href":"https:\/\/www.avlaflor.org\/index.php?rest_route=\/wp\/v2\/pages\/1630","targetHints":{"allow":["GET"]}}],"collection":[{"href":"https:\/\/www.avlaflor.org\/index.php?rest_route=\/wp\/v2\/pages"}],"about":[{"href":"https:\/\/www.avlaflor.org\/index.php?rest_route=\/wp\/v2\/types\/page"}],"author":[{"embeddable":true,"href":"https:\/\/www.avlaflor.org\/index.php?rest_route=\/wp\/v2\/users\/6"}],"replies":[{"embeddable":true,"href":"https:\/\/www.avlaflor.org\/index.php?rest_route=%2Fwp%2Fv2%2Fcomments&post=1630"}],"version-history":[{"count":7,"href":"https:\/\/www.avlaflor.org\/index.php?rest_route=\/wp\/v2\/pages\/1630\/revisions"}],"predecessor-version":[{"id":3880,"href":"https:\/\/www.avlaflor.org\/index.php?rest_route=\/wp\/v2\/pages\/1630\/revisions\/3880"}],"wp:attachment":[{"href":"https:\/\/www.avlaflor.org\/index.php?rest_route=%2Fwp%2Fv2%2Fmedia&parent=1630"}],"curies":[{"name":"wp","href":"https:\/\/api.w.org\/{rel}","templated":true}]}}