{"id":2161,"date":"2018-08-05T19:06:50","date_gmt":"2018-08-05T17:06:50","guid":{"rendered":"http:\/\/www.avlaflor.org\/?page_id=2161"},"modified":"2021-09-19T19:12:36","modified_gmt":"2021-09-19T17:12:36","slug":"la-biblioteca","status":"publish","type":"page","link":"https:\/\/www.avlaflor.org\/?page_id=2161","title":{"rendered":"La Biblioteca"},"content":{"rendered":"\n<p class=\"has-medium-font-size\">Una biblioteca es un espacio privilegiado para facilitar, promover y mejorar la lectura de diversidad de libros, acercarse a un amplio n\u00famero de autoras y autores de distintas tem\u00e1ticas, estilos y formatos, a personas de distintas edades y condiciones&#8230;<\/p>\n\n\n\n<p class=\"has-medium-font-size\">Pero, m\u00e1s all\u00e1 de la funci\u00f3n tradicional de cualquier biblioteca, es evidente que el espacio permite una multiplicidad de iniciativas que hacen m\u00e1s f\u00e1cil el acercamiento a las historias que nos cuentan los libros y a los aprendizajes que nos sugieren.<\/p>\n\n\n\n<p class=\"has-medium-font-size\">Ya sea mediante itinerarios espec\u00edficos o mediante lecturas compartidas,  una biblioteca da para mucho m\u00e1s que llevarse un libro a casa o leerlo all\u00ed mismo.<\/p>\n\n\n\n<p class=\"has-medium-font-size\">Es, por tanto, <strong>un espacio para aprender a convivir en un mundo diverso, para conocer y re-conocer la diversidad de culturas, de miradas, de enfoques sobre los diferentes aspectos de la vida, sobre lo que hacemos en este mundo y c\u00f3mo lo hacemos&#8230; <\/strong>Un espacio vivo para el intercambio de saberes populares, a trav\u00e9s de la reflexi\u00f3n compartida,  ya sea con la presencia de autoras y autores, en formato cuentacuentos o en formato cineforum, danza, m\u00fasica, teatro&#8230;<\/p>\n\n\n\n<h2 class=\"wp-block-heading\">Las Bibliotecas en el Distrito<\/h2>\n\n\n\n<p class=\"has-medium-font-size\">Seg\u00fan est\u00e1ndares de la FEMP, para una poblaci\u00f3n de 50.000 habitantes, se requiere una superficie de biblioteca de alrededor de los 3.510 m2.<\/p>\n\n\n\n<p class=\"has-medium-font-size\">En el distrito existe una \u00fanica biblioteca municipal, con 1.070 m2 que, junto a la biblioteca de la Comunidad de Madrid (Rafael Alberti), con 2.722 m2, suman un total de <strong>3.792 m2 para una poblaci\u00f3n de m\u00e1s de 230.000 habitantes.<\/strong><\/p>\n\n\n\n<p class=\"has-medium-font-size\">En estos d\u00edas de la segunda mitad del a\u00f1o 21, la biblioteca del barrio del Pilar, Jos\u00e9 Saramago, abre de nuevo sus puertas tras el cierre durante casi dos a\u00f1os  por problemas para la finalizaci\u00f3n de las obras de mejoras y ampliaciones.<\/p>\n\n\n\n<p class=\"has-medium-font-size\">En este mismo barrio, hasta el a\u00f1o 2011 existi\u00f3 una biblioteca de la entonces Obra Social de Caja de Madrid, es decir, dinero p\u00fablico, con 222 puestos, que fue donada a la Fundaci\u00f3n Carmen Pardo Valcarce en el proceso de privatizaci\u00f3n de la entidad, cuando su presidenta era, precisamente, la consejera que procedi\u00f3 a esa donaci\u00f3n, Carmen Cafranga, sin que desde las instituciones p\u00fablicas se realizase ninguna actuaci\u00f3n para impedirlo. Dicha biblioteca fue cerrada y el edificio que la albergaba pas\u00f3 a ocuparse por otra iniciativa de la Fundaci\u00f3n que recientemente ha cambiado el nombre a Fundaci\u00f3n A La Par.<\/p>\n\n\n\n<p class=\"has-medium-font-size\">En estos momentos existen dos proyectos de biblioteca, uno en Montecarmelo y otro en Las Tablas, que esperamos se puedan concretar lo antes posible.<\/p>\n\n\n\n<p><\/p>\n","protected":false},"excerpt":{"rendered":"<p>Una biblioteca es un espacio privilegiado para facilitar, promover y mejorar la lectura de diversidad de libros, acercarse a un &hellip; <a href=\"https:\/\/www.avlaflor.org\/?page_id=2161\" class=\"more-link\">M\u00e1s <span class=\"screen-reader-text\">La Biblioteca<\/span> <span class=\"meta-nav\">&rarr;<\/span><\/a><\/p>\n","protected":false},"author":6,"featured_media":0,"parent":0,"menu_order":0,"comment_status":"closed","ping_status":"closed","template":"","meta":{"jetpack_post_was_ever_published":false,"footnotes":""},"class_list":["post-2161","page","type-page","status-publish","hentry"],"jetpack_sharing_enabled":true,"_links":{"self":[{"href":"https:\/\/www.avlaflor.org\/index.php?rest_route=\/wp\/v2\/pages\/2161","targetHints":{"allow":["GET"]}}],"collection":[{"href":"https:\/\/www.avlaflor.org\/index.php?rest_route=\/wp\/v2\/pages"}],"about":[{"href":"https:\/\/www.avlaflor.org\/index.php?rest_route=\/wp\/v2\/types\/page"}],"author":[{"embeddable":true,"href":"https:\/\/www.avlaflor.org\/index.php?rest_route=\/wp\/v2\/users\/6"}],"replies":[{"embeddable":true,"href":"https:\/\/www.avlaflor.org\/index.php?rest_route=%2Fwp%2Fv2%2Fcomments&post=2161"}],"version-history":[{"count":8,"href":"https:\/\/www.avlaflor.org\/index.php?rest_route=\/wp\/v2\/pages\/2161\/revisions"}],"predecessor-version":[{"id":3886,"href":"https:\/\/www.avlaflor.org\/index.php?rest_route=\/wp\/v2\/pages\/2161\/revisions\/3886"}],"wp:attachment":[{"href":"https:\/\/www.avlaflor.org\/index.php?rest_route=%2Fwp%2Fv2%2Fmedia&parent=2161"}],"curies":[{"name":"wp","href":"https:\/\/api.w.org\/{rel}","templated":true}]}}