{"id":2165,"date":"2018-08-05T19:07:49","date_gmt":"2018-08-05T17:07:49","guid":{"rendered":"http:\/\/www.avlaflor.org\/?page_id=2165"},"modified":"2020-02-02T19:43:52","modified_gmt":"2020-02-02T18:43:52","slug":"el-espacio-autogestionado","status":"publish","type":"page","link":"https:\/\/www.avlaflor.org\/?page_id=2165","title":{"rendered":"El Espacio Autogestionado"},"content":{"rendered":"\n<p class=\"has-medium-font-size\">El Espacio Vecinal Autogestionado (EVA), que compartimos la Asociaci\u00f3n Vecinal La Flor con otros colectivos, personas y proyectos, funciona de manera horizontal y asamblearia, y tiene tres ejes transversales: <\/p>\n\n\n\n<p class=\"has-medium-font-size\"> \u2022 La <strong>perspectiva de g\u00e9nero<\/strong>, para lo cual estamos siempre atentas a los micromachismos latentes, entre ellos el lenguaje. <\/p>\n\n\n\n<p class=\"has-medium-font-size\"> \u2022 La <strong>perspectiva ecol\u00f3gica<\/strong>, atendiendo al buen uso de los recursos, y utilizaci\u00f3n de productos ecol\u00f3gicos, tanto para la limpieza como para el consumo (cuando se realicen actividades espec\u00edficas) <\/p>\n\n\n\n<p class=\"has-medium-font-size\"> \u2022 La <strong>accesibilidad<\/strong>, no solo del espacio f\u00edsico sino de aquellas personas con diferentes diversidades funcionales que requieran apoyos comunicativos. <\/p>\n\n\n\n<h2 class=\"wp-block-heading\">Ejes de Trabajo<\/h2>\n\n\n\n<p class=\"has-medium-font-size\">El espacio enmarca sus actividades en cuatro ejes de trabajo: el apoyo mutuo, la reflexi\u00f3n, la acci\u00f3n y el ocio alternativo.<\/p>\n\n\n\n<h2 class=\"wp-block-heading\">Apoyo Mutuo<\/h2>\n\n\n\n<p class=\"has-medium-font-size\">En todo lo que seamos capaces de ir creando: asesoramiento, acompa\u00f1amiento, aprendizaje, intercambio\u2026 en diversidad de temas que afectan la cotidianidad de las personas, y en un contexto de cuidados. <\/p>\n\n\n\n<h2 class=\"wp-block-heading\">Reflexi\u00f3n<\/h2>\n\n\n\n<p class=\"has-medium-font-size\">Un espacio en el que las actividades de reflexi\u00f3n colectiva tengan cabida de forma organizada y permanente.<\/p>\n\n\n\n<h2 class=\"wp-block-heading\">Acci\u00f3n<\/h2>\n\n\n\n<p class=\"has-medium-font-size\">Actividades que nos sit\u00faan en el territorio y&nbsp; que pretenden crear dispositivos de acci\u00f3n pol\u00edtica de iniciativa ciudadana en todos los temas, problemas y demandas que las personas y colectivos del espacio acordemos de forma conjunta.<\/p>\n\n\n\n<h2 class=\"wp-block-heading\">Ocio Alternativo<\/h2>\n\n\n\n<p class=\"has-medium-font-size\">El ocio consumista est\u00e1 relacionado con el modelo de ciudad y el modelo de sociedad que tenemos. Nuestras actuaciones de ocio alternativo quieren visibilizar esas relaciones mientras denunciamos el ocio mercantilizado que nos consume.<\/p>\n\n\n\n<p class=\"has-medium-font-size\">Si quieres conocer las actividades que se realizan de forma permanente en el \u00e1mbito del EVA La Flor, puedes pasarte a conocernos o <strong><a href=\"http:\/\/www.avlaflor.org\/?page_id=2741\" target=\"_blank\" rel=\"noreferrer noopener\" aria-label=\"pincha aqu\u00ed (opens in a new tab)\">pincha aqu\u00ed<\/a><\/strong>.<\/p>\n","protected":false},"excerpt":{"rendered":"<p>El Espacio Vecinal Autogestionado (EVA), que compartimos la Asociaci\u00f3n Vecinal La Flor con otros colectivos, personas y proyectos, funciona de &hellip; <a href=\"https:\/\/www.avlaflor.org\/?page_id=2165\" class=\"more-link\">M\u00e1s <span class=\"screen-reader-text\">El Espacio Autogestionado<\/span> <span class=\"meta-nav\">&rarr;<\/span><\/a><\/p>\n","protected":false},"author":2,"featured_media":0,"parent":0,"menu_order":0,"comment_status":"closed","ping_status":"closed","template":"","meta":{"jetpack_post_was_ever_published":false,"footnotes":""},"class_list":["post-2165","page","type-page","status-publish","hentry"],"jetpack_sharing_enabled":true,"_links":{"self":[{"href":"https:\/\/www.avlaflor.org\/index.php?rest_route=\/wp\/v2\/pages\/2165","targetHints":{"allow":["GET"]}}],"collection":[{"href":"https:\/\/www.avlaflor.org\/index.php?rest_route=\/wp\/v2\/pages"}],"about":[{"href":"https:\/\/www.avlaflor.org\/index.php?rest_route=\/wp\/v2\/types\/page"}],"author":[{"embeddable":true,"href":"https:\/\/www.avlaflor.org\/index.php?rest_route=\/wp\/v2\/users\/2"}],"replies":[{"embeddable":true,"href":"https:\/\/www.avlaflor.org\/index.php?rest_route=%2Fwp%2Fv2%2Fcomments&post=2165"}],"version-history":[{"count":5,"href":"https:\/\/www.avlaflor.org\/index.php?rest_route=\/wp\/v2\/pages\/2165\/revisions"}],"predecessor-version":[{"id":2853,"href":"https:\/\/www.avlaflor.org\/index.php?rest_route=\/wp\/v2\/pages\/2165\/revisions\/2853"}],"wp:attachment":[{"href":"https:\/\/www.avlaflor.org\/index.php?rest_route=%2Fwp%2Fv2%2Fmedia&parent=2165"}],"curies":[{"name":"wp","href":"https:\/\/api.w.org\/{rel}","templated":true}]}}