{"id":2476,"date":"2018-08-20T18:40:43","date_gmt":"2018-08-20T16:40:43","guid":{"rendered":"http:\/\/www.avlaflor.org\/?page_id=2476"},"modified":"2020-01-02T18:28:33","modified_gmt":"2020-01-02T17:28:33","slug":"proyecto-intergeneracional-para-el-apoyo-mutuo","status":"publish","type":"page","link":"https:\/\/www.avlaflor.org\/?page_id=2476","title":{"rendered":"Plataforma Intergeneracional para el Apoyo mutuo (PIAM)"},"content":{"rendered":"\n<p class=\"has-medium-font-size\">A lo largo del 2018, desarrollamos un programa  de activaci\u00f3n de la interlocuci\u00f3n entre las personas mayores y las personas j\u00f3venes del barrio, enfocado a dar herramientas y construir puentes para un futuro espacio de mayores en el barrio del Pilar, con enfoque intergeneracional y autogestionado.<\/p>\n\n\n\n<p class=\"has-medium-font-size\">El proyecto fue realizado con subvenci\u00f3n del ayuntamiento de Madrid, v\u00eda FRAVM, y aunque el espacio de mayores en el barrio no ha sido abierto hasta el momento (la previsi\u00f3n era localizarlo en el Centro Comunitario Guatemala en el 2018-2019), creemos que el trabajo realizado fue de inter\u00e9s para las personas que participaron, por lo que dejamos aqu\u00ed un <strong><a rel=\"noreferrer noopener\" aria-label=\"resumen del informe final (opens in a new tab)\" href=\"http:\/\/www.avlaflor.org\/wp-content\/uploads\/2020\/01\/informeDiagn\u00f3sticoPiam.pdf\" target=\"_blank\">resumen del informe final<\/a><\/strong>. <\/p>\n\n\n\n<figure class=\"wp-block-image size-large\"><img loading=\"lazy\" decoding=\"async\" width=\"1024\" height=\"724\" data-attachment-id=\"2768\" data-permalink=\"https:\/\/www.avlaflor.org\/?attachment_id=2768\" data-orig-file=\"https:\/\/www.avlaflor.org\/wp-content\/uploads\/2020\/01\/objetivosProyecto.jpg\" data-orig-size=\"2350,1662\" data-comments-opened=\"0\" data-image-meta=\"{&quot;aperture&quot;:&quot;0&quot;,&quot;credit&quot;:&quot;&quot;,&quot;camera&quot;:&quot;&quot;,&quot;caption&quot;:&quot;&quot;,&quot;created_timestamp&quot;:&quot;0&quot;,&quot;copyright&quot;:&quot;&quot;,&quot;focal_length&quot;:&quot;0&quot;,&quot;iso&quot;:&quot;0&quot;,&quot;shutter_speed&quot;:&quot;0&quot;,&quot;title&quot;:&quot;&quot;,&quot;orientation&quot;:&quot;0&quot;}\" data-image-title=\"objetivosProyecto\" data-image-description=\"\" data-image-caption=\"\" data-large-file=\"https:\/\/www.avlaflor.org\/wp-content\/uploads\/2020\/01\/objetivosProyecto-1024x724.jpg\" src=\"http:\/\/www.avlaflor.org\/wp-content\/uploads\/2020\/01\/objetivosProyecto-1024x724.jpg\" alt=\"\" class=\"wp-image-2768\" srcset=\"https:\/\/www.avlaflor.org\/wp-content\/uploads\/2020\/01\/objetivosProyecto-1024x724.jpg 1024w, https:\/\/www.avlaflor.org\/wp-content\/uploads\/2020\/01\/objetivosProyecto-300x212.jpg 300w, https:\/\/www.avlaflor.org\/wp-content\/uploads\/2020\/01\/objetivosProyecto-150x106.jpg 150w, https:\/\/www.avlaflor.org\/wp-content\/uploads\/2020\/01\/objetivosProyecto-768x543.jpg 768w, https:\/\/www.avlaflor.org\/wp-content\/uploads\/2020\/01\/objetivosProyecto-1536x1086.jpg 1536w, https:\/\/www.avlaflor.org\/wp-content\/uploads\/2020\/01\/objetivosProyecto-2048x1448.jpg 2048w\" sizes=\"auto, (max-width: 1024px) 100vw, 1024px\" \/><\/figure>\n","protected":false},"excerpt":{"rendered":"<p>A lo largo del 2018, desarrollamos un programa de activaci\u00f3n de la interlocuci\u00f3n entre las personas mayores y las personas &hellip; <a href=\"https:\/\/www.avlaflor.org\/?page_id=2476\" class=\"more-link\">M\u00e1s <span class=\"screen-reader-text\">Plataforma Intergeneracional para el Apoyo mutuo (PIAM)<\/span> <span class=\"meta-nav\">&rarr;<\/span><\/a><\/p>\n","protected":false},"author":6,"featured_media":0,"parent":0,"menu_order":0,"comment_status":"closed","ping_status":"closed","template":"","meta":{"footnotes":""},"class_list":["post-2476","page","type-page","status-publish","hentry"],"jetpack_sharing_enabled":true,"_links":{"self":[{"href":"https:\/\/www.avlaflor.org\/index.php?rest_route=\/wp\/v2\/pages\/2476","targetHints":{"allow":["GET"]}}],"collection":[{"href":"https:\/\/www.avlaflor.org\/index.php?rest_route=\/wp\/v2\/pages"}],"about":[{"href":"https:\/\/www.avlaflor.org\/index.php?rest_route=\/wp\/v2\/types\/page"}],"author":[{"embeddable":true,"href":"https:\/\/www.avlaflor.org\/index.php?rest_route=\/wp\/v2\/users\/6"}],"replies":[{"embeddable":true,"href":"https:\/\/www.avlaflor.org\/index.php?rest_route=%2Fwp%2Fv2%2Fcomments&post=2476"}],"version-history":[{"count":6,"href":"https:\/\/www.avlaflor.org\/index.php?rest_route=\/wp\/v2\/pages\/2476\/revisions"}],"predecessor-version":[{"id":2769,"href":"https:\/\/www.avlaflor.org\/index.php?rest_route=\/wp\/v2\/pages\/2476\/revisions\/2769"}],"wp:attachment":[{"href":"https:\/\/www.avlaflor.org\/index.php?rest_route=%2Fwp%2Fv2%2Fmedia&parent=2476"}],"curies":[{"name":"wp","href":"https:\/\/api.w.org\/{rel}","templated":true}]}}