{"id":2650,"date":"2019-12-28T20:20:50","date_gmt":"2019-12-28T19:20:50","guid":{"rendered":"http:\/\/www.avlaflor.org\/?page_id=2650"},"modified":"2021-01-01T18:59:58","modified_gmt":"2021-01-01T17:59:58","slug":"la-radio","status":"publish","type":"page","link":"https:\/\/www.avlaflor.org\/?page_id=2650","title":{"rendered":"La Radio"},"content":{"rendered":"\n<p class=\"has-medium-font-size\">El formato radio es una herramienta de trabajo en el \u00e1mbito comunitario, que desde la asociaci\u00f3n vecinal hemos querido impulsar con el objetivo de dar voz a esa cultura de barrio, esa expresi\u00f3n cr\u00edtica vecinal, esa creatividad que tenemos las personas cuando nos juntamos con otras para hablar, pensar, sentir o hacer colectivamente y en com\u00fan.<\/p>\n\n\n\n<p class=\"has-medium-font-size\">Comenzamos a pensar en el proyecto y a dar los primeros pasos en el 2019, y durante el pasado a\u00f1o le hemos dedicado esfuerzos y recursos a partir de un <strong>grupo motor<\/strong> que lleva tiempo autoform\u00e1ndose en estas cuestiones, y con el que puedes contactar si tienes inter\u00e9s.<\/p>\n\n\n\n<p class=\"has-medium-font-size\"><strong><a rel=\"noreferrer noopener\" aria-label=\"Onda Violeta (opens in a new tab)\" href=\"http:\/\/ondavioleta.com\/\" target=\"_blank\">Onda Violeta<\/a><\/strong> es el nombre que le hemos puesto, y ya tiene su propio espacio digital donde podr\u00e1s seguir todo lo que vamos haciendo.<\/p>\n","protected":false},"excerpt":{"rendered":"<p>El formato radio es una herramienta de trabajo en el \u00e1mbito comunitario, que desde la asociaci\u00f3n vecinal hemos querido impulsar &hellip; <a href=\"https:\/\/www.avlaflor.org\/?page_id=2650\" class=\"more-link\">M\u00e1s <span class=\"screen-reader-text\">La Radio<\/span> <span class=\"meta-nav\">&rarr;<\/span><\/a><\/p>\n","protected":false},"author":6,"featured_media":0,"parent":0,"menu_order":0,"comment_status":"closed","ping_status":"closed","template":"","meta":{"jetpack_post_was_ever_published":false,"footnotes":""},"class_list":["post-2650","page","type-page","status-publish","hentry"],"jetpack_sharing_enabled":true,"_links":{"self":[{"href":"https:\/\/www.avlaflor.org\/index.php?rest_route=\/wp\/v2\/pages\/2650","targetHints":{"allow":["GET"]}}],"collection":[{"href":"https:\/\/www.avlaflor.org\/index.php?rest_route=\/wp\/v2\/pages"}],"about":[{"href":"https:\/\/www.avlaflor.org\/index.php?rest_route=\/wp\/v2\/types\/page"}],"author":[{"embeddable":true,"href":"https:\/\/www.avlaflor.org\/index.php?rest_route=\/wp\/v2\/users\/6"}],"replies":[{"embeddable":true,"href":"https:\/\/www.avlaflor.org\/index.php?rest_route=%2Fwp%2Fv2%2Fcomments&post=2650"}],"version-history":[{"count":6,"href":"https:\/\/www.avlaflor.org\/index.php?rest_route=\/wp\/v2\/pages\/2650\/revisions"}],"predecessor-version":[{"id":3626,"href":"https:\/\/www.avlaflor.org\/index.php?rest_route=\/wp\/v2\/pages\/2650\/revisions\/3626"}],"wp:attachment":[{"href":"https:\/\/www.avlaflor.org\/index.php?rest_route=%2Fwp%2Fv2%2Fmedia&parent=2650"}],"curies":[{"name":"wp","href":"https:\/\/api.w.org\/{rel}","templated":true}]}}