{"id":2741,"date":"2020-01-01T19:44:55","date_gmt":"2020-01-01T18:44:55","guid":{"rendered":"http:\/\/www.avlaflor.org\/?page_id=2741"},"modified":"2023-07-29T11:57:03","modified_gmt":"2023-07-29T09:57:03","slug":"talleres-y-actividades-permanentes","status":"publish","type":"page","link":"https:\/\/www.avlaflor.org\/?page_id=2741","title":{"rendered":"Talleres y actividades permanentes"},"content":{"rendered":"\n<h2 class=\"wp-block-heading\">Talleres semanales<\/h2>\n\n\n\n<p class=\"has-medium-font-size\">Estos talleres se gestionan directamente por parte de las personas voluntarias que los imparten. Algunos admiten pocas personas y otros muchas, algunos ya tienen todas las plazas cubiertas y otros no, adem\u00e1s de que puede haber lista de espera&#8230;<\/p>\n\n\n\n<p class=\"has-medium-font-size\">Si est\u00e1s interesada en alguno de ellos, puedes  llamar por tel\u00e9fono y hablar con la persona responsable, que te proporcionar\u00e1 la informaci\u00f3n necesaria y, en su caso, te podr\u00e1s inscribir.<\/p>\n\n\n\n<p class=\"has-medium-font-size\">No es obligatorio, pero si adem\u00e1s de participar en alg\u00fan taller te parece bien apoyar a la asociaci\u00f3n vecinal, que lo hacemos posible, mira las <a href=\"https:\/\/www.avlaflor.org\/?page_id=100\" data-type=\"page\" data-id=\"100\" target=\"_blank\" rel=\"noreferrer noopener\"><strong>opciones aqu\u00ed<\/strong>.<\/a><\/p>\n\n\n\n<figure class=\"wp-block-image size-full\"><img loading=\"lazy\" decoding=\"async\" width=\"10514\" height=\"7886\" data-attachment-id=\"4175\" data-permalink=\"https:\/\/www.avlaflor.org\/?attachment_id=4175\" data-orig-file=\"https:\/\/www.avlaflor.org\/wp-content\/uploads\/2023\/07\/ActividadesEspacioVecinal23.pptx_Pagina_1.jpg\" data-orig-size=\"10514,7886\" data-comments-opened=\"0\" data-image-meta=\"{&quot;aperture&quot;:&quot;0&quot;,&quot;credit&quot;:&quot;&quot;,&quot;camera&quot;:&quot;&quot;,&quot;caption&quot;:&quot;&quot;,&quot;created_timestamp&quot;:&quot;0&quot;,&quot;copyright&quot;:&quot;&quot;,&quot;focal_length&quot;:&quot;0&quot;,&quot;iso&quot;:&quot;0&quot;,&quot;shutter_speed&quot;:&quot;0&quot;,&quot;title&quot;:&quot;&quot;,&quot;orientation&quot;:&quot;0&quot;}\" data-image-title=\"ActividadesEspacioVecinal23.pptx_P\u00e1gina_1\" data-image-description=\"\" data-image-caption=\"\" data-large-file=\"https:\/\/www.avlaflor.org\/wp-content\/uploads\/2023\/07\/ActividadesEspacioVecinal23.pptx_Pagina_1.jpg\" src=\"http:\/\/www.avlaflor.org\/wp-content\/uploads\/2023\/07\/ActividadesEspacioVecinal23.pptx_Pagina_1.jpg\" alt=\"\" class=\"wp-image-4175\"\/><\/figure>\n","protected":false},"excerpt":{"rendered":"<p>Talleres semanales Estos talleres se gestionan directamente por parte de las personas voluntarias que los imparten. Algunos admiten pocas personas &hellip; <a href=\"https:\/\/www.avlaflor.org\/?page_id=2741\" class=\"more-link\">M\u00e1s <span class=\"screen-reader-text\">Talleres y actividades permanentes<\/span> <span class=\"meta-nav\">&rarr;<\/span><\/a><\/p>\n","protected":false},"author":6,"featured_media":0,"parent":2165,"menu_order":0,"comment_status":"closed","ping_status":"closed","template":"","meta":{"jetpack_post_was_ever_published":false,"footnotes":""},"class_list":["post-2741","page","type-page","status-publish","hentry"],"jetpack_sharing_enabled":true,"_links":{"self":[{"href":"https:\/\/www.avlaflor.org\/index.php?rest_route=\/wp\/v2\/pages\/2741","targetHints":{"allow":["GET"]}}],"collection":[{"href":"https:\/\/www.avlaflor.org\/index.php?rest_route=\/wp\/v2\/pages"}],"about":[{"href":"https:\/\/www.avlaflor.org\/index.php?rest_route=\/wp\/v2\/types\/page"}],"author":[{"embeddable":true,"href":"https:\/\/www.avlaflor.org\/index.php?rest_route=\/wp\/v2\/users\/6"}],"replies":[{"embeddable":true,"href":"https:\/\/www.avlaflor.org\/index.php?rest_route=%2Fwp%2Fv2%2Fcomments&post=2741"}],"version-history":[{"count":21,"href":"https:\/\/www.avlaflor.org\/index.php?rest_route=\/wp\/v2\/pages\/2741\/revisions"}],"predecessor-version":[{"id":4181,"href":"https:\/\/www.avlaflor.org\/index.php?rest_route=\/wp\/v2\/pages\/2741\/revisions\/4181"}],"up":[{"embeddable":true,"href":"https:\/\/www.avlaflor.org\/index.php?rest_route=\/wp\/v2\/pages\/2165"}],"wp:attachment":[{"href":"https:\/\/www.avlaflor.org\/index.php?rest_route=%2Fwp%2Fv2%2Fmedia&parent=2741"}],"curies":[{"name":"wp","href":"https:\/\/api.w.org\/{rel}","templated":true}]}}