{"id":2993,"date":"2020-04-09T10:34:55","date_gmt":"2020-04-09T08:34:55","guid":{"rendered":"http:\/\/www.avlaflor.org\/?page_id=2993"},"modified":"2020-08-02T12:27:54","modified_gmt":"2020-08-02T10:27:54","slug":"desigualdades-sociales","status":"publish","type":"page","link":"https:\/\/www.avlaflor.org\/?page_id=2993","title":{"rendered":"Desigualdades Sociales"},"content":{"rendered":"\n<p class=\"has-medium-font-size\"><strong><a href=\"http:\/\/www.avlaflor.org\/wp-content\/uploads\/2020\/04\/SOBRE_vulnerabilidad.pdf\" target=\"_blank\" rel=\"noreferrer noopener\" aria-label=\"An\u00e1lisis urban\u00edstico de barrios vulnerables en Espa\u00f1a.  (opens in a new tab)\">An\u00e1lisis urban\u00edstico de barrios vulnerables en Espa\u00f1a. <\/a><\/strong>Instituto Juan de Herrera. Ministerio de Fomento 2010<\/p>\n\n\n\n<p class=\"has-medium-font-size\"><strong><a rel=\"noreferrer noopener\" aria-label=\"Desigualdad 1 - Igualdad de oportunidades 0. (opens in a new tab)\" href=\"http:\/\/www.avlaflor.org\/wp-content\/uploads\/2020\/04\/InformeOxfamEne2019.pdf\" target=\"_blank\">Desigualdad 1 &#8211; Igualdad de oportunidades 0.<\/a><\/strong> Informe Oxfam 2019<\/p>\n\n\n\n<p class=\"has-medium-font-size\"><strong><a href=\"http:\/\/www.avlaflor.org\/wp-content\/uploads\/2020\/04\/MANUAL-DE-G\u00c9NERO.pdf\" target=\"_blank\" rel=\"noreferrer noopener\" aria-label=\"El enfoque de g\u00e9nero en la intervenci\u00f3n social (opens in a new tab)\">El enfoque de g\u00e9nero en la intervenci\u00f3n social<\/a><\/strong>. Cruz Roja 2007<\/p>\n\n\n\n<p class=\"has-medium-font-size\"><strong><a rel=\"noreferrer noopener\" aria-label=\"El estado de la pobreza. Seguimiento del indicador de riesgo de pobreza y exclusi\u00f3n social en Espa\u00f1a. (opens in a new tab)\" href=\"http:\/\/www.avlaflor.org\/wp-content\/uploads\/2020\/04\/Informe_AROPE_2016_MADRID.pdf\" target=\"_blank\">El estado de la pobreza. Seguimiento del indicador de riesgo de pobreza y exclusi\u00f3n social en Espa\u00f1a.<\/a><\/strong> Informe AROPE. EAPN 2009-2015<\/p>\n\n\n\n<p class=\"has-medium-font-size\"><strong><a href=\"http:\/\/www.avlaflor.org\/wp-content\/uploads\/2020\/04\/Empleo-precario-y-Protecci\u00f3n-social-2015.pdf\" target=\"_blank\" rel=\"noreferrer noopener\" aria-label=\"Empleo precario y protecci\u00f3n social (opens in a new tab)\">Empleo precario y protecci\u00f3n social<\/a><\/strong>. Fundaci\u00f3n Foessa 2015<\/p>\n\n\n\n<p class=\"has-medium-font-size\"><strong><a rel=\"noreferrer noopener\" aria-label=\"Estudio de Salud de la ciudad de Madrid (opens in a new tab)\" href=\"http:\/\/www.avlaflor.org\/wp-content\/uploads\/2020\/04\/EstudioSaludCiudadMadrid2014.pdf\" target=\"_blank\">Estudio de Salud de la ciudad de Madrid<\/a><\/strong>. Madrid Salud 2014<\/p>\n\n\n\n<p class=\"has-medium-font-size\"><strong><a href=\"http:\/\/www.avlaflor.org\/wp-content\/uploads\/2020\/04\/Estudio-sobre-el-dise\u00f1o-de-un-Espacio-de-Mayores_mYmO1.pdf\" target=\"_blank\" rel=\"noreferrer noopener\" aria-label=\"Estudio sobre el dise\u00f1o de un espacio de mayores en el distrito de Fuencarral El Pardo (opens in a new tab)\">Estudio sobre el dise\u00f1o de un espacio de mayores en el distrito de Fuencarral El Pardo<\/a><\/strong>. mYmO 2017<\/p>\n\n\n\n<p class=\"has-medium-font-size\"><strong><a rel=\"noreferrer noopener\" aria-label=\"Estudio t\u00e9cnico sobre la pobreza energ\u00e9tica en Madrid. (opens in a new tab)\" href=\"http:\/\/www.avlaflor.org\/wp-content\/uploads\/2020\/04\/Estudio-Pobreza-energ\u00e9tica-4-febrero-2017.pdf\" target=\"_blank\">Estudio t\u00e9cnico sobre la pobreza energ\u00e9tica en Madrid.<\/a><\/strong> Ecologistas en Acci\u00f3n. Ayuntamiento de Madrid 2016<\/p>\n\n\n\n<p class=\"has-medium-font-size\"><strong><a href=\"http:\/\/www.avlaflor.org\/wp-content\/uploads\/2020\/04\/guiaEnfoqueGeneroProgramas.pdf\" target=\"_blank\" rel=\"noreferrer noopener\" aria-label=\"G\u00e9nero y exclusi\u00f3n social. Gu\u00eda para la incorporaci\u00f3n del enfoque de g\u00e9nero en programas y proyectos. (opens in a new tab)\">G\u00e9nero y exclusi\u00f3n social. Gu\u00eda para la incorporaci\u00f3n del enfoque de g\u00e9nero en programas y proyectos.<\/a><\/strong> Federaci\u00f3n andaluza de drogodependencia y sida 2010<\/p>\n\n\n\n<p class=\"has-medium-font-size\"><strong><a href=\"http:\/\/www.avlaflor.org\/wp-content\/uploads\/2020\/04\/Informe_Situacion-InfanciaAdolescencia2016.pdf\" target=\"_blank\" rel=\"noreferrer noopener\" aria-label=\"Informe de situaci\u00f3n de la infancia y la adolescencia de la ciudad de Madrid (opens in a new tab)\">Informe de situaci\u00f3n de la infancia y la adolescencia de la ciudad de Madrid<\/a><\/strong>. Ayuntamiento de Madrid 2016<\/p>\n\n\n\n<p class=\"has-medium-font-size\">Informe sobre la vulnerabilidad social. Cruz Roja 2018<\/p>\n\n\n\n<p class=\"has-medium-font-size\"><strong><a href=\"http:\/\/www.avlaflor.org\/wp-content\/uploads\/2020\/04\/INFORME-Situaci\u00f3n-de-Infancia-y-Adolescencia-Fuencarral-El-Pardo_FINAL.pdf\" target=\"_blank\" rel=\"noreferrer noopener\" aria-label=\"La situaci\u00f3n social de los ni\u00f1os, ni\u00f1as y adolescentes del distrito Fuencarral El Pardo. Informe Final. (opens in a new tab)\">La situaci\u00f3n social de los ni\u00f1os, ni\u00f1as y adolescentes del distrito Fuencarral El Pardo. Informe Final.<\/a><\/strong> Asociaci\u00f3n GSIA 2018<\/p>\n\n\n\n<p class=\"has-medium-font-size\"><strong><a href=\"http:\/\/www.avlaflor.org\/wp-content\/uploads\/2020\/04\/InformeRISDerechosHumanosEspa\u00f1a2018.pdf\" target=\"_blank\" rel=\"noreferrer noopener\" aria-label=\"Los derechos humanos en Espa\u00f1a (opens in a new tab)\">Los derechos humanos en Espa\u00f1a<\/a><\/strong>. RIS 2018<\/p>\n\n\n\n<p class=\"has-medium-font-size\"><strong><a href=\"http:\/\/www.avlaflor.org\/wp-content\/uploads\/2020\/04\/Los-derechosProbados-OMS.pdf\" target=\"_blank\" rel=\"noreferrer noopener\" aria-label=\"Los determinantes sociales de la salud. Los hechos probados. (opens in a new tab)\">Los determinantes sociales de la salud. Los hechos probados.<\/a><\/strong> OMS 2003<\/p>\n\n\n\n<p class=\"has-medium-font-size\"><strong><a href=\"http:\/\/www.avlaflor.org\/wp-content\/uploads\/2020\/04\/Factores_de_exclusion_educativa_en_espana.pdf\" target=\"_blank\" rel=\"noreferrer noopener\" aria-label=\"Los factores de la exclusi\u00f3n educativa en Espa\u00f1a. Mecanismos, perfiles y espacios de intervenci\u00f3n (opens in a new tab)\">Los factores de la exclusi\u00f3n educativa en Espa\u00f1a. Mecanismos, perfiles y espacios de intervenci\u00f3n<\/a><\/strong>. Unicef 2017<\/p>\n\n\n\n<p class=\"has-medium-font-size\"><strong><a href=\"http:\/\/www.avlaflor.org\/wp-content\/uploads\/2020\/04\/Manual-18.pdf\" target=\"_blank\" rel=\"noreferrer noopener\" aria-label=\"Manual pr\u00e1ctico para la identificaci\u00f3n de las desigualdades de g\u00e9nero (opens in a new tab)\">Manual pr\u00e1ctico para la identificaci\u00f3n de las desigualdades de g\u00e9nero<\/a><\/strong>. Instituto andaluz de la mujer 2018<\/p>\n\n\n\n<p class=\"has-medium-font-size\"><strong><a href=\"http:\/\/www.avlaflor.org\/wp-content\/uploads\/2020\/04\/indicevulnerabilidad.pdf\" target=\"_blank\" rel=\"noreferrer noopener\" aria-label=\"Metodolog\u00eda para la elaboraci\u00f3n del indice de vulnerabilidad territorial de barrios y distritos de Madrid (opens in a new tab)\">Metodolog\u00eda para la elaboraci\u00f3n del indice de vulnerabilidad territorial de barrios y distritos de Madrid<\/a><\/strong>. Ayuntamiento de Madrid 2018<\/p>\n\n\n\n<p class=\"has-medium-font-size\"><strong><a href=\"http:\/\/www.avlaflor.org\/wp-content\/uploads\/2020\/04\/EAPN-Participaci\u00f3n-para-la-inclusi\u00f3n-y-la-transformaci\u00f3n-social.pdf\" target=\"_blank\" rel=\"noreferrer noopener\" aria-label=\"Participaci\u00f3n para la inclusi\u00f3n y la transformaci\u00f3n social. (opens in a new tab)\">Participaci\u00f3n para la inclusi\u00f3n y la transformaci\u00f3n social.<\/a><\/strong> EAPN 2012<\/p>\n\n\n\n<p><\/p>\n","protected":false},"excerpt":{"rendered":"<p>An\u00e1lisis urban\u00edstico de barrios vulnerables en Espa\u00f1a. Instituto Juan de Herrera. Ministerio de Fomento 2010 Desigualdad 1 &#8211; Igualdad de &hellip; <a href=\"https:\/\/www.avlaflor.org\/?page_id=2993\" class=\"more-link\">M\u00e1s <span class=\"screen-reader-text\">Desigualdades Sociales<\/span> <span class=\"meta-nav\">&rarr;<\/span><\/a><\/p>\n","protected":false},"author":6,"featured_media":0,"parent":3121,"menu_order":2,"comment_status":"closed","ping_status":"closed","template":"","meta":{"footnotes":""},"class_list":["post-2993","page","type-page","status-publish","hentry"],"jetpack_sharing_enabled":true,"_links":{"self":[{"href":"https:\/\/www.avlaflor.org\/index.php?rest_route=\/wp\/v2\/pages\/2993","targetHints":{"allow":["GET"]}}],"collection":[{"href":"https:\/\/www.avlaflor.org\/index.php?rest_route=\/wp\/v2\/pages"}],"about":[{"href":"https:\/\/www.avlaflor.org\/index.php?rest_route=\/wp\/v2\/types\/page"}],"author":[{"embeddable":true,"href":"https:\/\/www.avlaflor.org\/index.php?rest_route=\/wp\/v2\/users\/6"}],"replies":[{"embeddable":true,"href":"https:\/\/www.avlaflor.org\/index.php?rest_route=%2Fwp%2Fv2%2Fcomments&post=2993"}],"version-history":[{"count":4,"href":"https:\/\/www.avlaflor.org\/index.php?rest_route=\/wp\/v2\/pages\/2993\/revisions"}],"predecessor-version":[{"id":3120,"href":"https:\/\/www.avlaflor.org\/index.php?rest_route=\/wp\/v2\/pages\/2993\/revisions\/3120"}],"up":[{"embeddable":true,"href":"https:\/\/www.avlaflor.org\/index.php?rest_route=\/wp\/v2\/pages\/3121"}],"wp:attachment":[{"href":"https:\/\/www.avlaflor.org\/index.php?rest_route=%2Fwp%2Fv2%2Fmedia&parent=2993"}],"curies":[{"name":"wp","href":"https:\/\/api.w.org\/{rel}","templated":true}]}}