{"id":2997,"date":"2020-04-09T10:36:22","date_gmt":"2020-04-09T08:36:22","guid":{"rendered":"http:\/\/www.avlaflor.org\/?page_id=2997"},"modified":"2020-08-02T12:28:58","modified_gmt":"2020-08-02T10:28:58","slug":"medio-ambiente-y-cambio-climatico","status":"publish","type":"page","link":"https:\/\/www.avlaflor.org\/?page_id=2997","title":{"rendered":"Medio Ambiente y Cambio Clim\u00e1tico"},"content":{"rendered":"\n<p class=\"has-medium-font-size\"><a href=\"https:\/\/www.miteco.gob.es\/es\/cambio-climatico\/temas\/impactos-vulnerabilidad-y-adaptacion\/informeevaluacion_pnacc_tcm30-499212.pdf#page=154&amp;zoom=100,0,136\" target=\"_blank\" rel=\"noreferrer noopener\" aria-label=\" (opens in a new tab)\"><strong>Evaluaci\u00f3n del Plan Nacional de Adaptaci\u00f3n al Cambio Clim\u00e1tico<\/strong><\/a>. Ministerio para la Transici\u00f3n Ecol\u00f3gica. Agosto 2019<\/p>\n\n\n\n<p class=\"has-medium-font-size\"><strong><a rel=\"noreferrer noopener\" aria-label=\" (opens in a new tab)\" href=\"https:\/\/www.miteco.gob.es\/es\/cambio-climatico\/temas\/impactos-vulnerabilidad-y-adaptacion\/pnacc_informe_valoraciones_actores_tcm30-499004.pdf\" target=\"_blank\">El Plan Nacional de Adaptaci\u00f3n al Cambio Clim\u00e1tico. Valoraciones y propuestas de agentes y sectores interesados<\/a>.<\/strong> Andaira. Marzo 2019<\/p>\n\n\n\n<p class=\"has-medium-font-size\"><strong><a href=\"http:\/\/www.avlaflor.org\/wp-content\/uploads\/2020\/04\/agenda2030.pdf\" target=\"_blank\" rel=\"noreferrer noopener\" aria-label=\"Transformar nuestro mundo: la Agenda 2030 para el desarrollo sostenible (opens in a new tab)\">Transformar nuestro mundo: la Agenda 2030 para el desarrollo sostenible<\/a><\/strong>. ONU 2015<\/p>\n\n\n\n<p><\/p>\n","protected":false},"excerpt":{"rendered":"<p>Evaluaci\u00f3n del Plan Nacional de Adaptaci\u00f3n al Cambio Clim\u00e1tico. Ministerio para la Transici\u00f3n Ecol\u00f3gica. Agosto 2019 El Plan Nacional de &hellip; <a href=\"https:\/\/www.avlaflor.org\/?page_id=2997\" class=\"more-link\">M\u00e1s <span class=\"screen-reader-text\">Medio Ambiente y Cambio Clim\u00e1tico<\/span> <span class=\"meta-nav\">&rarr;<\/span><\/a><\/p>\n","protected":false},"author":6,"featured_media":0,"parent":3121,"menu_order":4,"comment_status":"closed","ping_status":"closed","template":"","meta":{"footnotes":""},"class_list":["post-2997","page","type-page","status-publish","hentry"],"jetpack_sharing_enabled":true,"_links":{"self":[{"href":"https:\/\/www.avlaflor.org\/index.php?rest_route=\/wp\/v2\/pages\/2997","targetHints":{"allow":["GET"]}}],"collection":[{"href":"https:\/\/www.avlaflor.org\/index.php?rest_route=\/wp\/v2\/pages"}],"about":[{"href":"https:\/\/www.avlaflor.org\/index.php?rest_route=\/wp\/v2\/types\/page"}],"author":[{"embeddable":true,"href":"https:\/\/www.avlaflor.org\/index.php?rest_route=\/wp\/v2\/users\/6"}],"replies":[{"embeddable":true,"href":"https:\/\/www.avlaflor.org\/index.php?rest_route=%2Fwp%2Fv2%2Fcomments&post=2997"}],"version-history":[{"count":3,"href":"https:\/\/www.avlaflor.org\/index.php?rest_route=\/wp\/v2\/pages\/2997\/revisions"}],"predecessor-version":[{"id":3082,"href":"https:\/\/www.avlaflor.org\/index.php?rest_route=\/wp\/v2\/pages\/2997\/revisions\/3082"}],"up":[{"embeddable":true,"href":"https:\/\/www.avlaflor.org\/index.php?rest_route=\/wp\/v2\/pages\/3121"}],"wp:attachment":[{"href":"https:\/\/www.avlaflor.org\/index.php?rest_route=%2Fwp%2Fv2%2Fmedia&parent=2997"}],"curies":[{"name":"wp","href":"https:\/\/api.w.org\/{rel}","templated":true}]}}