{"id":3003,"date":"2020-04-09T10:38:06","date_gmt":"2020-04-09T08:38:06","guid":{"rendered":"http:\/\/www.avlaflor.org\/?page_id=3003"},"modified":"2020-08-02T12:29:44","modified_gmt":"2020-08-02T10:29:44","slug":"sistemas-economicos-y-politicos","status":"publish","type":"page","link":"https:\/\/www.avlaflor.org\/?page_id=3003","title":{"rendered":"Sistemas Econ\u00f3micos y Pol\u00edticos"},"content":{"rendered":"\n<p class=\"has-medium-font-size\"><strong><a rel=\"noreferrer noopener\" aria-label=\"Diecisiete contradicciones y el fin del capitalismo (opens in a new tab)\" href=\"https:\/\/traficantes.net\/sites\/default\/files\/pdfs\/Diecisiete%20contradicciones%20-%20Traficantes%20de%20Sue%C3%B1os.pdf\" target=\"_blank\">Diecisiete contradicciones y el fin del capitalismo<\/a><\/strong>. David Harvey. Traficantes de sue\u00f1os<\/p>\n\n\n\n<p class=\"has-medium-font-size\"><strong><a href=\"http:\/\/www.avlaflor.org\/wp-content\/uploads\/2020\/04\/visibilizarInvisibleEcoSF2018.pdf\" target=\"_blank\" rel=\"noreferrer noopener\" aria-label=\"Econom\u00eda feminista: visibilizar lo invisible (opens in a new tab)\">Econom\u00eda feminista: visibilizar lo invisible<\/a><\/strong>. Economistas Sin Fronteras<\/p>\n\n\n\n<p class=\"has-medium-font-size\"><strong><a href=\"http:\/\/www.avlaflor.org\/wp-content\/uploads\/2020\/04\/EsF16Procom\u00fanBienesComunes2015.pd\" target=\"_blank\" rel=\"noreferrer noopener\" aria-label=\"El procom\u00fan y los bienes comunes (opens in a new tab)\">El procom\u00fan y los bienes comunes<\/a><\/strong>. Economistas Sin Fronteras<\/p>\n\n\n\n<p class=\"has-medium-font-size\"><strong><a href=\"http:\/\/www.avlaflor.org\/wp-content\/uploads\/2020\/04\/Horizontes-comunitario-populares_Traficantes-de-Sue\u00f1os.pdf\" target=\"_blank\" rel=\"noreferrer noopener\" aria-label=\"Horizontes comunitario-populares. Producci\u00f3n de lo com\u00fan m\u00e1s all\u00e1 de las pol\u00edticas estado-centricas (opens in a new tab)\">Horizontes comunitario-populares. Producci\u00f3n de lo com\u00fan m\u00e1s all\u00e1 de las pol\u00edticas estado-centricas<\/a><\/strong>. Raquel Gutierrez Aguilar<\/p>\n\n\n\n<p class=\"has-medium-font-size\"><strong><a href=\"http:\/\/www.avlaflor.org\/wp-content\/uploads\/2020\/04\/Publicacion_Una_econom\u00eda_de_mucho_cuidado.pdf\" target=\"_blank\" rel=\"noreferrer noopener\" aria-label=\"Una econom\u00eda de mucho cuidado. Un acercamiento a la Econom\u00eda de los Cuidados (opens in a new tab)\">Una econom\u00eda de mucho cuidado. Un acercamiento a la Econom\u00eda de los Cuidados<\/a><\/strong>. Economistas Sin Fronteras<\/p>\n","protected":false},"excerpt":{"rendered":"<p>Diecisiete contradicciones y el fin del capitalismo. David Harvey. Traficantes de sue\u00f1os Econom\u00eda feminista: visibilizar lo invisible. Economistas Sin Fronteras &hellip; <a href=\"https:\/\/www.avlaflor.org\/?page_id=3003\" class=\"more-link\">M\u00e1s <span class=\"screen-reader-text\">Sistemas Econ\u00f3micos y Pol\u00edticos<\/span> <span class=\"meta-nav\">&rarr;<\/span><\/a><\/p>\n","protected":false},"author":6,"featured_media":0,"parent":3121,"menu_order":7,"comment_status":"closed","ping_status":"closed","template":"","meta":{"footnotes":""},"class_list":["post-3003","page","type-page","status-publish","hentry"],"jetpack_sharing_enabled":true,"_links":{"self":[{"href":"https:\/\/www.avlaflor.org\/index.php?rest_route=\/wp\/v2\/pages\/3003","targetHints":{"allow":["GET"]}}],"collection":[{"href":"https:\/\/www.avlaflor.org\/index.php?rest_route=\/wp\/v2\/pages"}],"about":[{"href":"https:\/\/www.avlaflor.org\/index.php?rest_route=\/wp\/v2\/types\/page"}],"author":[{"embeddable":true,"href":"https:\/\/www.avlaflor.org\/index.php?rest_route=\/wp\/v2\/users\/6"}],"replies":[{"embeddable":true,"href":"https:\/\/www.avlaflor.org\/index.php?rest_route=%2Fwp%2Fv2%2Fcomments&post=3003"}],"version-history":[{"count":4,"href":"https:\/\/www.avlaflor.org\/index.php?rest_route=\/wp\/v2\/pages\/3003\/revisions"}],"predecessor-version":[{"id":3080,"href":"https:\/\/www.avlaflor.org\/index.php?rest_route=\/wp\/v2\/pages\/3003\/revisions\/3080"}],"up":[{"embeddable":true,"href":"https:\/\/www.avlaflor.org\/index.php?rest_route=\/wp\/v2\/pages\/3121"}],"wp:attachment":[{"href":"https:\/\/www.avlaflor.org\/index.php?rest_route=%2Fwp%2Fv2%2Fmedia&parent=3003"}],"curies":[{"name":"wp","href":"https:\/\/api.w.org\/{rel}","templated":true}]}}