{"id":3121,"date":"2020-04-19T20:24:51","date_gmt":"2020-04-19T18:24:51","guid":{"rendered":"http:\/\/www.avlaflor.org\/?page_id=3121"},"modified":"2020-08-02T12:31:14","modified_gmt":"2020-08-02T10:31:14","slug":"biblioteca-virtual","status":"publish","type":"page","link":"https:\/\/www.avlaflor.org\/?page_id=3121","title":{"rendered":"Biblioteca Virtual"},"content":{"rendered":"\n<p class=\"has-medium-font-size\">Por un lado, debido al poco espacio f\u00edsico que tenemos en nuestra biblio pero, tambi\u00e9n, porque entendemos que el acceso a libros y documentos de forma virtual es igualmente importante, adem\u00e1s de ampliar la posibilidad de lectura a muchas personas que tienen dificultad para moverse, hemos abierto este espacio, donde, adem\u00e1s de algunos t\u00edtulos (libros y documentos de inter\u00e9s) que tenemos en pdf y que hemos organizado por \u00e1reas tem\u00e1ticas, enlazamos con algunas bibliotecas que disponen de acceso virtual, para que puedas tenerlo todo a mano.<\/p>\n\n\n\n<p class=\"has-medium-font-size\"><strong><a href=\"http:\/\/www.avlaflor.org\/?page_id=2989\" target=\"_blank\" rel=\"noreferrer noopener\" aria-label=\"Ciudades Inclusivas (opens in a new tab)\">Ciudades Inclusivas<\/a><\/strong><\/p>\n\n\n\n<p class=\"has-medium-font-size\"><strong><a href=\"http:\/\/www.avlaflor.org\/?page_id=2991\" target=\"_blank\" rel=\"noreferrer noopener\" aria-label=\"Culturas (opens in a new tab)\">Culturas<\/a><\/strong><\/p>\n\n\n\n<p class=\"has-medium-font-size\"><strong><a href=\"http:\/\/www.avlaflor.org\/?page_id=2993\" target=\"_blank\" rel=\"noreferrer noopener\" aria-label=\"Desigualdades Sociales (opens in a new tab)\">Desigualdades Sociales<\/a><\/strong><\/p>\n\n\n\n<p class=\"has-medium-font-size\"><strong><a href=\"http:\/\/www.avlaflor.org\/?page_id=2995\" target=\"_blank\" rel=\"noreferrer noopener\" aria-label=\"Feminismos y Diversidades (opens in a new tab)\">Feminismos y Diversidades<\/a><\/strong><\/p>\n\n\n\n<p class=\"has-medium-font-size\"><strong><a href=\"http:\/\/www.avlaflor.org\/?page_id=3144\" target=\"_blank\" rel=\"noreferrer noopener\" aria-label=\"Literatura (opens in a new tab)\">Literatura<\/a><\/strong><\/p>\n\n\n\n<p class=\"has-medium-font-size\"><strong><a href=\"http:\/\/www.avlaflor.org\/?page_id=2997\" target=\"_blank\" rel=\"noreferrer noopener\" aria-label=\"Medio Ambiente y Cambio Clim\u00e1tico (opens in a new tab)\">Medio Ambiente y Cambio Clim\u00e1tico<\/a><\/strong><\/p>\n\n\n\n<p class=\"has-medium-font-size\"><strong><a href=\"http:\/\/www.avlaflor.org\/?page_id=2999\" target=\"_blank\" rel=\"noreferrer noopener\" aria-label=\"Municipalismos (opens in a new tab)\">Municipalismos<\/a><\/strong><\/p>\n\n\n\n<p class=\"has-medium-font-size\"><strong><a href=\"http:\/\/www.avlaflor.org\/?page_id=3001\" target=\"_blank\" rel=\"noreferrer noopener\" aria-label=\"Salud Comunitaria (opens in a new tab)\">Salud Comunitaria<\/a><\/strong><\/p>\n\n\n\n<p class=\"has-medium-font-size\"><strong><a href=\"http:\/\/www.avlaflor.org\/?page_id=3003\" target=\"_blank\" rel=\"noreferrer noopener\" aria-label=\"Sistemas Econ\u00f3micos y Pol\u00edticos (opens in a new tab)\">Sistemas Econ\u00f3micos y Pol\u00edticos<\/a><\/strong><\/p>\n\n\n\n<p><\/p>\n","protected":false},"excerpt":{"rendered":"<p>Por un lado, debido al poco espacio f\u00edsico que tenemos en nuestra biblio pero, tambi\u00e9n, porque entendemos que el acceso &hellip; <a href=\"https:\/\/www.avlaflor.org\/?page_id=3121\" class=\"more-link\">M\u00e1s <span class=\"screen-reader-text\">Biblioteca Virtual<\/span> <span class=\"meta-nav\">&rarr;<\/span><\/a><\/p>\n","protected":false},"author":6,"featured_media":0,"parent":2161,"menu_order":2,"comment_status":"closed","ping_status":"closed","template":"","meta":{"footnotes":""},"class_list":["post-3121","page","type-page","status-publish","hentry"],"jetpack_sharing_enabled":true,"_links":{"self":[{"href":"https:\/\/www.avlaflor.org\/index.php?rest_route=\/wp\/v2\/pages\/3121","targetHints":{"allow":["GET"]}}],"collection":[{"href":"https:\/\/www.avlaflor.org\/index.php?rest_route=\/wp\/v2\/pages"}],"about":[{"href":"https:\/\/www.avlaflor.org\/index.php?rest_route=\/wp\/v2\/types\/page"}],"author":[{"embeddable":true,"href":"https:\/\/www.avlaflor.org\/index.php?rest_route=\/wp\/v2\/users\/6"}],"replies":[{"embeddable":true,"href":"https:\/\/www.avlaflor.org\/index.php?rest_route=%2Fwp%2Fv2%2Fcomments&post=3121"}],"version-history":[{"count":3,"href":"https:\/\/www.avlaflor.org\/index.php?rest_route=\/wp\/v2\/pages\/3121\/revisions"}],"predecessor-version":[{"id":3147,"href":"https:\/\/www.avlaflor.org\/index.php?rest_route=\/wp\/v2\/pages\/3121\/revisions\/3147"}],"up":[{"embeddable":true,"href":"https:\/\/www.avlaflor.org\/index.php?rest_route=\/wp\/v2\/pages\/2161"}],"wp:attachment":[{"href":"https:\/\/www.avlaflor.org\/index.php?rest_route=%2Fwp%2Fv2%2Fmedia&parent=3121"}],"curies":[{"name":"wp","href":"https:\/\/api.w.org\/{rel}","templated":true}]}}