{"id":3123,"date":"2020-04-19T20:24:19","date_gmt":"2020-04-19T18:24:19","guid":{"rendered":"http:\/\/www.avlaflor.org\/?page_id=3123"},"modified":"2023-07-15T20:12:21","modified_gmt":"2023-07-15T18:12:21","slug":"nuestra-biblioteca","status":"publish","type":"page","link":"https:\/\/www.avlaflor.org\/?page_id=3123","title":{"rendered":"Nuestra Biblioteca"},"content":{"rendered":"\n<p class=\"has-medium-font-size\">La biblioteca del centro comunitario tiene un componente feminista y lgtbi+. Su objetivo es <strong>acercar la tem\u00e1tica a las personas del barrio<\/strong>, sensibilizar sobre la importancia de <strong>ponerse las gafas violetas<\/strong>, y facilitar la construcci\u00f3n de los <strong>valores de inclusividad en nuestro imaginario<\/strong>, con todo lo que ello implica. <\/p>\n\n\n\n<p class=\"has-medium-font-size\">Tambi\u00e9n dispone de un espacio para <strong>visibilizar las obras escritas por mujeres y hombres que viven en los barrios del distrito.<\/strong> Iniciamos el pasado a\u00f1o un primer encuentro con algunas y algunos de ellxs, y es nuestra intenci\u00f3n continuar haci\u00e9ndolo.<\/p>\n\n\n\n<p class=\"has-medium-font-size\">Nuestra biblioteca es peque\u00f1a, el espacio no nos permite tener gran cantidad de libro impreso, pero a\u00fan as\u00ed, procuramos que las cosas importantes est\u00e9n disponibles.<\/p>\n\n\n\n<p class=\"has-medium-font-size\">Junto a cierta diversidad literaria, tenemos comics para personas adultas, y algunos t\u00edtulos de inter\u00e9s en diversidad de campos cient\u00edficos.<\/p>\n\n\n\n<p class=\"has-medium-font-size\">Desde la biblioteca, organizamos mensualmente sesiones de <strong>cineforum<\/strong> y <strong>presentaciones de libros<\/strong>. Tambi\u00e9n algunos <strong>debates<\/strong> que surgen al hilo de temas candentes.<\/p>\n\n\n\n<p class=\"has-medium-font-size\">De vez en cuando, tambi\u00e9n, y gracias a las continuas donaciones de libros que nos hacen, podemos sacar <strong>Libros a la Calle<\/strong>, un stand bibliotequero que ponemos en alguna calle c\u00e9ntrica del barrio para acercar los libros a la gente.<\/p>\n\n\n\n<p class=\"has-medium-font-size\">Este a\u00f1o abrimos una nueva l\u00ednea de trabajo, <strong>ofreciendo el espacio, nuestros recursos y nuestra colaboraci\u00f3n para crear de forma colectiva y creativa<\/strong>, en el marco de los llamados laboratorios ciudadanos distribuidos.<\/p>\n","protected":false},"excerpt":{"rendered":"<p>La biblioteca del centro comunitario tiene un componente feminista y lgtbi+. Su objetivo es acercar la tem\u00e1tica a las personas &hellip; <a href=\"https:\/\/www.avlaflor.org\/?page_id=3123\" class=\"more-link\">M\u00e1s <span class=\"screen-reader-text\">Nuestra Biblioteca<\/span> <span class=\"meta-nav\">&rarr;<\/span><\/a><\/p>\n","protected":false},"author":6,"featured_media":0,"parent":2161,"menu_order":0,"comment_status":"closed","ping_status":"closed","template":"","meta":{"footnotes":""},"class_list":["post-3123","page","type-page","status-publish","hentry"],"jetpack_sharing_enabled":true,"_links":{"self":[{"href":"https:\/\/www.avlaflor.org\/index.php?rest_route=\/wp\/v2\/pages\/3123","targetHints":{"allow":["GET"]}}],"collection":[{"href":"https:\/\/www.avlaflor.org\/index.php?rest_route=\/wp\/v2\/pages"}],"about":[{"href":"https:\/\/www.avlaflor.org\/index.php?rest_route=\/wp\/v2\/types\/page"}],"author":[{"embeddable":true,"href":"https:\/\/www.avlaflor.org\/index.php?rest_route=\/wp\/v2\/users\/6"}],"replies":[{"embeddable":true,"href":"https:\/\/www.avlaflor.org\/index.php?rest_route=%2Fwp%2Fv2%2Fcomments&post=3123"}],"version-history":[{"count":6,"href":"https:\/\/www.avlaflor.org\/index.php?rest_route=\/wp\/v2\/pages\/3123\/revisions"}],"predecessor-version":[{"id":4153,"href":"https:\/\/www.avlaflor.org\/index.php?rest_route=\/wp\/v2\/pages\/3123\/revisions\/4153"}],"up":[{"embeddable":true,"href":"https:\/\/www.avlaflor.org\/index.php?rest_route=\/wp\/v2\/pages\/2161"}],"wp:attachment":[{"href":"https:\/\/www.avlaflor.org\/index.php?rest_route=%2Fwp%2Fv2%2Fmedia&parent=3123"}],"curies":[{"name":"wp","href":"https:\/\/api.w.org\/{rel}","templated":true}]}}