{"id":3186,"date":"2020-04-26T11:37:10","date_gmt":"2020-04-26T09:37:10","guid":{"rendered":"http:\/\/www.avlaflor.org\/?page_id=3186"},"modified":"2020-08-02T11:08:45","modified_gmt":"2020-08-02T09:08:45","slug":"redes-vecinales-en-el-distrito","status":"publish","type":"page","link":"https:\/\/www.avlaflor.org\/?page_id=3186","title":{"rendered":"Redes vecinales en el distrito"},"content":{"rendered":"\n<p class=\"has-medium-font-size\">Desde el inicio de la crisis, han sido muchas las vecinas y vecinos que de forma espont\u00e1nea han iniciado redes de apoyo con las personas de su comunidad y\/o cercan\u00edas. Vecinas y vecinos que han jugado y juegan, un papel importante que ha hecho que las personas cercanas m\u00e1s vulnerables en cualquier aspecto, hayan podido estar atendidas.<\/p>\n\n\n\n<p class=\"has-medium-font-size\"><strong>Adem\u00e1s de estas redes espont\u00e1neas, que hay que reconocer, visibilizar y tener en cuenta para el futuro, las asociaciones vecinales y otras entidades del distrito, nos hemos movilizado cada cual aportando  desde su propia experiencia, recursos y perspectiva<\/strong>. Algunas abarcamos diferentes \u00e1reas y otras est\u00e1n m\u00e1s centradas en una sola. <\/p>\n\n\n\n<p class=\"has-medium-font-size\">Con el objetivo de coordinar acciones y esfuerzos entre las redes vecinales y las institucionales, es decir, los servicios sociales y los sanitarios, fundamentalmente, algunas redes vecinales hemos abierto un espacio de coordinaci\u00f3n entre todas, la <strong><a rel=\"noreferrer noopener\" aria-label=\"RED DE APOYO MUTUO FUENCARRAL EL PARDO (opens in a new tab)\" href=\"https:\/\/apoyomutuofep.wordpress.com\/\" target=\"_blank\">RED DE APOYO MUTUO FUENCARRAL EL PARDO<\/a><\/strong>, en la que estamos:<\/p>\n\n\n\n<p class=\"has-medium-font-size\"><strong><a rel=\"noreferrer noopener\" aria-label=\"Asociaci\u00f3n Vecinal La Flor (opens in a new tab)\" href=\"http:\/\/www.avlaflor.org\/\" target=\"_blank\">Asociaci\u00f3n Vecinal La Flor<\/a><\/strong>. <strong>Red de Apoyo Mutuo Barrio del Pilar<\/strong>. Contacto: <strong>621 02 59 43 &#8211; 670 32 54 <\/strong>10.  Cta. Donaciones:  <strong>ES58 1491 0001 2520 0690 4227<\/strong> <\/p>\n\n\n\n<p class=\"has-medium-font-size\"><strong><a rel=\"noreferrer noopener\" aria-label=\"Asociaci\u00f3n Vecinal Montecarmelo. (opens in a new tab)\" href=\"http:\/\/av-montecarmelo.blogspot.com\/\" target=\"_blank\">Asociaci\u00f3n Vecinal Montecarmelo<\/a><\/strong>. Contacto:   <strong>676 35 24 04<\/strong>   Cta. Donaciones:  <strong>ES10 0081 5121 7900 0125 9932<\/strong>    <\/p>\n\n\n\n<p class=\"has-medium-font-size\"><strong><a rel=\"noreferrer noopener\" aria-label=\"Asociaci\u00f3n Vecinal Pe\u00f1agrande (opens in a new tab)\" href=\"http:\/\/avipenagrande.es\/\" target=\"_blank\">Asociaci\u00f3n Vecinal Islas de Pe\u00f1agrande<\/a><\/strong>. Contacto: <strong>634 36 67 76<\/strong>  <\/p>\n\n\n\n<p class=\"has-medium-font-size\"><strong><a rel=\"noreferrer noopener\" aria-label=\"Asociaci\u00f3n Vecinal Las Tablas (opens in a new tab)\" href=\"https:\/\/www.avlastablas.org\/\" target=\"_blank\">Asociaci\u00f3n Vecinal Las Tablas<\/a><\/strong>. Contacto: <strong>691 46 55 39<\/strong>     <\/p>\n\n\n\n<p class=\"has-medium-font-size\"><strong><a rel=\"noreferrer noopener\" aria-label=\"Asociaci\u00f3n Vecinal Bego\u00f1a (opens in a new tab)\" href=\"http:\/\/asociacionvecinosbegona.blogspot.com\/\" target=\"_blank\">Asociaci\u00f3n Vecinal Bego\u00f1a<\/a><\/strong>. Contacto:  <strong>644 26 02 66<\/strong>   <\/p>\n\n\n\n<p class=\"has-medium-font-size\"><strong><a rel=\"noreferrer noopener\" aria-label=\"Asociaci\u00f3n Vecinal Valverde (opens in a new tab)\" href=\"https:\/\/avecinosvalverde.wordpress.com\/\" target=\"_blank\">Asociaci\u00f3n Vecinal Valverde<\/a><\/strong>. Contacto: <strong>630 64 66 10 &#8211; 601 06 46 38<\/strong>  <\/p>\n\n\n\n<p class=\"has-medium-font-size\"><strong><a rel=\"noreferrer noopener\" aria-label=\"Asociaci\u00f3n Vecinal El Pardo (opens in a new tab)\" href=\"https:\/\/asociacionvecinalelpardo.es\/\" target=\"_blank\">Asociaci\u00f3n Vecinal El Pardo<\/a><\/strong>. Contacto: <strong>684 163 140<\/strong>    <\/p>\n\n\n\n<p class=\"has-medium-font-size\"><strong><a rel=\"noreferrer noopener\" href=\"https:\/\/www.facebook.com\/elpardoencomunav\/\" target=\"_blank\">Asociaci\u00f3n Vecinal El Pardo en Com\u00fan<\/a><\/strong>. Contacto: <strong>645665812<\/strong><\/p>\n\n\n\n<p class=\"has-medium-font-size\"><strong><a rel=\"noreferrer noopener\" aria-label=\"Asociaci\u00f3n La Frontera.  (opens in a new tab)\" href=\"http:\/\/www.asociacionlafrontera.org\/\" target=\"_blank\">Asociaci\u00f3n La Frontera<\/a><\/strong>. Contacto: <strong>681 02 74 00<\/strong>   <\/p>\n\n\n\n<p class=\"has-medium-font-size\"><strong>Aqu\u00ed te dejamos el contacto de otras redes vecinales del distrito<\/strong><\/p>\n\n\n\n<p class=\"has-medium-font-size\"><strong><a rel=\"noreferrer noopener\" aria-label=\"Centro Social La Piluka. (opens in a new tab)\" href=\"https:\/\/www.lapiluka.org\/\" target=\"_blank\">Centro Social La Piluka<\/a><\/strong>.  Contacto:  <strong>610 08 04 53<\/strong>.  Cta. Donaciones:   <strong>ES98 2100 2129 9102 0017  4086<\/strong> <\/p>\n\n\n\n<p class=\"has-medium-font-size\"><strong><a rel=\"noreferrer noopener\" aria-label=\"Asociaci\u00f3n Vecinal La Uni\u00f3n (opens in a new tab)\" href=\"http:\/\/www.avlaunionfuencarral.org\/\" target=\"_blank\">Asociaci\u00f3n Vecinal La Uni\u00f3n<\/a><\/strong>. Contacto:  <strong>689 98 97 00<\/strong>     <\/p>\n\n\n\n<p class=\"has-medium-font-size\"><a rel=\"noreferrer noopener\" href=\"https:\/\/www.facebook.com\/Asociaci%C3%B3n-de-Vecinos-de-Mingorrubio-575600075927006\/?__tn__=%2Cd%2CP-R&amp;eid=ARCESaOSfdprK1MihnDHze4_2D6hxRxck9QuBVXIBobwGcCkTMNVKlYY6UR7s0FbgX8HaY_uOTuRNhfc\" target=\"_blank\"><strong>Asociaci\u00f3n Vecinal Mingorrubio.<\/strong> <\/a>Contacto: <strong>913761912<\/strong><\/p>\n\n\n\n<h3 class=\"wp-block-heading\">Redes en la ciudad<\/h3>\n\n\n\n<p class=\"has-medium-font-size\">Tambi\u00e9n estamos conectadas con las redes que se articulan en el \u00e1mbito de la ciudad de Madrid, y que se distribuyen en tres espacios: <\/p>\n\n\n\n<p class=\"has-medium-font-size\"><strong><a href=\"https:\/\/aavvmadrid.org\/covid-19\/\" target=\"_blank\" rel=\"noreferrer noopener\">FRAVM<\/a><\/strong>, Federaci\u00f3n Regional de Asociaciones Vecinales<\/p>\n\n\n\n<p class=\"has-medium-font-size\"><strong><a href=\"https:\/\/twitter.com\/AsambleaRema\" target=\"_blank\" rel=\"noreferrer noopener\">REMA<\/a>,<\/strong> Red de Espacios Ciudadanos Autogestionados<\/p>\n\n\n\n<p class=\"has-medium-font-size\"><strong><a href=\"https:\/\/redesdecuidados.org\/\" target=\"_blank\" rel=\"noreferrer noopener\">Redes de Cuidados de Madrid<\/a><\/strong><\/p>\n","protected":false},"excerpt":{"rendered":"<p>Desde el inicio de la crisis, han sido muchas las vecinas y vecinos que de forma espont\u00e1nea han iniciado redes &hellip; <a href=\"https:\/\/www.avlaflor.org\/?page_id=3186\" class=\"more-link\">M\u00e1s <span class=\"screen-reader-text\">Redes vecinales en el distrito<\/span> <span class=\"meta-nav\">&rarr;<\/span><\/a><\/p>\n","protected":false},"author":6,"featured_media":0,"parent":3154,"menu_order":0,"comment_status":"closed","ping_status":"closed","template":"","meta":{"jetpack_post_was_ever_published":false,"footnotes":""},"class_list":["post-3186","page","type-page","status-publish","hentry"],"jetpack_sharing_enabled":true,"_links":{"self":[{"href":"https:\/\/www.avlaflor.org\/index.php?rest_route=\/wp\/v2\/pages\/3186","targetHints":{"allow":["GET"]}}],"collection":[{"href":"https:\/\/www.avlaflor.org\/index.php?rest_route=\/wp\/v2\/pages"}],"about":[{"href":"https:\/\/www.avlaflor.org\/index.php?rest_route=\/wp\/v2\/types\/page"}],"author":[{"embeddable":true,"href":"https:\/\/www.avlaflor.org\/index.php?rest_route=\/wp\/v2\/users\/6"}],"replies":[{"embeddable":true,"href":"https:\/\/www.avlaflor.org\/index.php?rest_route=%2Fwp%2Fv2%2Fcomments&post=3186"}],"version-history":[{"count":12,"href":"https:\/\/www.avlaflor.org\/index.php?rest_route=\/wp\/v2\/pages\/3186\/revisions"}],"predecessor-version":[{"id":3426,"href":"https:\/\/www.avlaflor.org\/index.php?rest_route=\/wp\/v2\/pages\/3186\/revisions\/3426"}],"up":[{"embeddable":true,"href":"https:\/\/www.avlaflor.org\/index.php?rest_route=\/wp\/v2\/pages\/3154"}],"wp:attachment":[{"href":"https:\/\/www.avlaflor.org\/index.php?rest_route=%2Fwp%2Fv2%2Fmedia&parent=3186"}],"curies":[{"name":"wp","href":"https:\/\/api.w.org\/{rel}","templated":true}]}}