{"id":3294,"date":"2020-07-01T11:40:45","date_gmt":"2020-07-01T09:40:45","guid":{"rendered":"http:\/\/www.avlaflor.org\/?page_id=3294"},"modified":"2020-12-07T13:17:00","modified_gmt":"2020-12-07T12:17:00","slug":"materiales-formacion","status":"publish","type":"page","link":"https:\/\/www.avlaflor.org\/?page_id=3294","title":{"rendered":"Materiales para la Formaci\u00f3n"},"content":{"rendered":"\n<p class=\"has-medium-font-size\"><strong>Aqu\u00ed veras materiales que hemos utilizado en talleres formativos a lo largo del 2019, que pueden ser \u00fatiles para desarrollar nuevos espacios de debate y seguir trabajando en nuestra formaci\u00f3n como ciudadanas.<\/strong><\/p>\n\n\n\n<p class=\"has-text-color has-medium-font-size has-vivid-red-color\"><strong>APRENDIENDO DEMOCRACIAS PARTICIPATIVAS<\/strong><\/p>\n\n\n\n<p class=\"has-medium-font-size\"><strong><a href=\"http:\/\/www.avlaflor.org\/wp-content\/uploads\/2020\/06\/01AprendiendoDemocraciasParticipativas.-La-Participaci\u00f3n.pdf\" target=\"_blank\" rel=\"noreferrer noopener\" aria-label=\"La Participaci\u00f3n (opens in a new tab)\">La Participaci\u00f3n<\/a><\/strong><\/p>\n\n\n\n<p class=\"has-medium-font-size\"><strong><a href=\"http:\/\/www.avlaflor.org\/wp-content\/uploads\/2020\/06\/02AprendiendoDemocraciasParticipativas.-Las-metodolog\u00edas.pdf\" target=\"_blank\" rel=\"noreferrer noopener\" aria-label=\"Las Metodolog\u00edas (opens in a new tab)\">Las Metodolog\u00edas<\/a><\/strong><\/p>\n\n\n\n<p class=\"has-medium-font-size\"><strong><a href=\"http:\/\/www.avlaflor.org\/wp-content\/uploads\/2020\/06\/03AprendiendoDemocraciasParticipativas.-Las-herramientas.pdf\" target=\"_blank\" rel=\"noreferrer noopener\" aria-label=\"Las Herramientas (opens in a new tab)\">Las Herramientas<\/a><\/strong><\/p>\n\n\n\n<p class=\"has-medium-font-size\"><strong><a href=\"http:\/\/www.avlaflor.org\/wp-content\/uploads\/2020\/06\/04AprendiendoDemocraciasParticipativas.-Madrid.pdf\" target=\"_blank\" rel=\"noreferrer noopener\" aria-label=\"La Participaci\u00f3n en la ciudad de Madrid (opens in a new tab)\">La Participaci\u00f3n en la ciudad de Madrid<\/a><\/strong><\/p>\n\n\n\n<p class=\"has-text-color has-medium-font-size has-vivid-red-color\"><strong>TRABAJANDO EN COM\u00daN PARA EL COM\u00daN<\/strong><\/p>\n\n\n\n<p class=\"has-medium-font-size\"><strong><a href=\"http:\/\/fuencactiva.org\/wp-content\/uploads\/2020\/01\/19vecinxs1ParticipacionCiudadana.pdf\" target=\"_blank\" rel=\"noreferrer noopener\">La participaci\u00f3n ciudadana y el trabajo comunitario<\/a><\/strong><\/p>\n\n\n\n<p class=\"has-medium-font-size\"><strong><a href=\"http:\/\/fuencactiva.org\/wp-content\/uploads\/2020\/01\/19vecinxs2Metodolog%C3%ADas.pdf\" target=\"_blank\" rel=\"noreferrer noopener\">Metodolog\u00edas para la participaci\u00f3n y el trabajo comunitario<\/a><\/strong><\/p>\n\n\n\n<p class=\"has-medium-font-size\"><strong><a href=\"http:\/\/fuencactiva.org\/wp-content\/uploads\/2020\/01\/19vecinxs3Herramientas.pdf\" target=\"_blank\" rel=\"noreferrer noopener\">Herramientas para la participaci\u00f3n<\/a><\/strong><\/p>\n\n\n\n<p class=\"has-medium-font-size\"><strong><a href=\"http:\/\/fuencactiva.org\/wp-content\/uploads\/2020\/01\/19vecinxs4Comunicacion.pdf\" target=\"_blank\" rel=\"noreferrer noopener\">La comunicaci\u00f3n no violenta<\/a><\/strong><\/p>\n\n\n\n<p class=\"has-medium-font-size\"><strong><a href=\"http:\/\/fuencactiva.org\/wp-content\/uploads\/2020\/01\/19vecinxs5CiudadInclusiva.pdf\" target=\"_blank\" rel=\"noreferrer noopener\">Ciudad inclusiva<\/a><\/strong><\/p>\n\n\n\n<p class=\"has-medium-font-size\"><strong><a rel=\"noreferrer noopener\" href=\"http:\/\/fuencactiva.org\/wp-content\/uploads\/2020\/01\/19vecinxs6Genero.pdf\" target=\"_blank\">Mujeres, g\u00e9nero, sexismo, diversidad, igualdad, feminismos\u2026<\/a><\/strong><\/p>\n\n\n\n<p><\/p>\n","protected":false},"excerpt":{"rendered":"<p>Aqu\u00ed veras materiales que hemos utilizado en talleres formativos a lo largo del 2019, que pueden ser \u00fatiles para desarrollar &hellip; <a href=\"https:\/\/www.avlaflor.org\/?page_id=3294\" class=\"more-link\">M\u00e1s <span class=\"screen-reader-text\">Materiales para la Formaci\u00f3n<\/span> <span class=\"meta-nav\">&rarr;<\/span><\/a><\/p>\n","protected":false},"author":6,"featured_media":0,"parent":2097,"menu_order":0,"comment_status":"closed","ping_status":"closed","template":"","meta":{"jetpack_post_was_ever_published":false,"footnotes":""},"class_list":["post-3294","page","type-page","status-publish","hentry"],"jetpack_sharing_enabled":true,"_links":{"self":[{"href":"https:\/\/www.avlaflor.org\/index.php?rest_route=\/wp\/v2\/pages\/3294","targetHints":{"allow":["GET"]}}],"collection":[{"href":"https:\/\/www.avlaflor.org\/index.php?rest_route=\/wp\/v2\/pages"}],"about":[{"href":"https:\/\/www.avlaflor.org\/index.php?rest_route=\/wp\/v2\/types\/page"}],"author":[{"embeddable":true,"href":"https:\/\/www.avlaflor.org\/index.php?rest_route=\/wp\/v2\/users\/6"}],"replies":[{"embeddable":true,"href":"https:\/\/www.avlaflor.org\/index.php?rest_route=%2Fwp%2Fv2%2Fcomments&post=3294"}],"version-history":[{"count":4,"href":"https:\/\/www.avlaflor.org\/index.php?rest_route=\/wp\/v2\/pages\/3294\/revisions"}],"predecessor-version":[{"id":3559,"href":"https:\/\/www.avlaflor.org\/index.php?rest_route=\/wp\/v2\/pages\/3294\/revisions\/3559"}],"up":[{"embeddable":true,"href":"https:\/\/www.avlaflor.org\/index.php?rest_route=\/wp\/v2\/pages\/2097"}],"wp:attachment":[{"href":"https:\/\/www.avlaflor.org\/index.php?rest_route=%2Fwp%2Fv2%2Fmedia&parent=3294"}],"curies":[{"name":"wp","href":"https:\/\/api.w.org\/{rel}","templated":true}]}}