{"id":3410,"date":"2020-08-01T19:04:55","date_gmt":"2020-08-01T17:04:55","guid":{"rendered":"http:\/\/www.avlaflor.org\/?page_id=3410"},"modified":"2020-08-02T12:19:06","modified_gmt":"2020-08-02T10:19:06","slug":"procedimiento-para-solicitar-el-imv","status":"publish","type":"page","link":"https:\/\/www.avlaflor.org\/?page_id=3410","title":{"rendered":"Procedimiento para solicitar el IMV"},"content":{"rendered":"\n<p class=\"has-text-color has-medium-font-size has-very-dark-gray-color\">El sistema preferente para pedirlo es la solicitud telem\u00e1tica. En cualquier caso, hay que rellenar <a href=\"http:\/\/www.avlaflor.org\/wp-content\/uploads\/2020\/08\/imv_formulario_solicitude_editable.pdf\" target=\"_blank\" rel=\"noreferrer noopener\"><strong>este impreso<\/strong><\/a>.<\/p>\n\n\n\n<p class=\"has-medium-font-size\">Se permite el correo ordinario y la solicitud de cita previa, cuando el INSS la habilite.<\/p>\n\n\n\n<p class=\"has-medium-font-size\"><strong>Direcciones de correos:<\/strong><\/p>\n\n\n\n<ul class=\"wp-block-list\"><li>Servicios Centrales del INSS: C\/ Padre Dami\u00e1n, 4 y 6, 28036 Madrid<\/li><li>Direcci\u00f3n Provincial en Madrid del INSS: C\/ Serrano, 102, 28006 Madrid<\/li><li>Agencia en Ciudad Lineal: C\/ Miguel Fleta, 3, 28037 Madrid<\/li><li>Agencia en Villaverde: Av. Real de Pinto, 7, 28021 Madrid<\/li><li><strong>Agencia en Pe\u00f1a Grande: C\/ Isla de Arosa, 20, 28035 Madrid<\/strong><\/li><li>Agencia en Vallecas: C\/ Picos de Europa, 49, 28038 Madrid<\/li><li>Agencia en Carabanchel: Av. Pedro D\u00edez, 19, 28019 Madrid, &nbsp;etc.<\/li><li>Tel\u00e9fono de atenci\u00f3n: 900-20-22-22 (de 9 a 14,30 horas)<\/li><\/ul>\n\n\n\n<p class=\"has-text-color has-medium-font-size has-very-dark-gray-color\">Plazo de solicitud: &nbsp;El plazo se abri\u00f3 el 15 de junio de 2020. Si al 1 de junio de 2020 se cumplen todos los requisitos, y se solicita antes del 15 de septiembre, se pagar\u00e1 con efectos retroactivos desde el 1 de junio. En otros casos, se cobra desde el primer d\u00eda del mes siguiente al de la solicitud.<\/p>\n\n\n\n<p class=\"has-text-color has-medium-font-size has-very-dark-gray-color\">Cobro: El IMV lo cobran los titulares de la solicitud, que tienen que tener capacidad de obrar. Si el titular fuera una persona con adicciones o enfermedades limitantes, se puede solicitar a la Seguridad Social que otro miembro de la unidad convivencial, reciba la prestaci\u00f3n.<\/p>\n\n\n\n<p class=\"has-text-color has-medium-font-size has-very-dark-gray-color\">Plazo para resolver la solicitud: La Seguridad Social tiene tres meses para instruir el expediente. El silencio es negativo. A partir de ah\u00ed, se puede esperar, bien a que la administraci\u00f3n responda, ya que tiene la obligaci\u00f3n de hacerlo, aunque sea fuera de plazo; bien a presentar nuevamente la solicitud, o en \u00faltimo caso, acudir a los Tribunales, acogi\u00e9ndose al beneficio de la justicia gratuita.<\/p>\n\n\n\n<p class=\"has-text-color has-medium-font-size has-very-dark-gray-color\">Responsabilidad de las personas beneficiarias: En el caso del IMV, todas las beneficiarias, no solamente la titular (salvo menores de 18 a\u00f1os), son responsables solidariamente de las cantidades a reintegrar a la Seguridad Social, cuando se producen percepciones indebidas. La prescripci\u00f3n se produce a los cinco a\u00f1os.<\/p>\n\n\n\n<p class=\"has-text-color has-medium-font-size has-very-dark-gray-color\">Mientras se perciba el Ingreso M\u00ednimo Vital, la persona titular y las personas integrantes de la unidad convivencial tienen la obligaci\u00f3n cada a\u00f1o de presentar la Declaraci\u00f3n correspondiente al IRPF.<\/p>\n\n\n\n<h3 class=\"wp-block-heading\">Acreditaci\u00f3n de requisitos<\/h3>\n\n\n\n<ul class=\"wp-block-list\"><li>DNI, pasaporte o carn\u00e9 de conducir.<\/li><li>Libro de Familia o certificado literal de nacimiento.<\/li><li>NIE, en caso de personas extranjeras y si son menores extranjeros, documento originario de su pa\u00eds con traducci\u00f3n acreditada.<\/li><li>Certificado de empadronamiento con las personas empadronadas en el domicilio y la fecha de antig\u00fcedad.<\/li><li>Certificado de registro de ciudadanos de la Uni\u00f3n Europea.<\/li><li>Autorizaci\u00f3n de residencia temporal\/permanente.<\/li><li>Si son pareja de hecho, certificado que acredite la inscripci\u00f3n como tal.<\/li><li>Si se est\u00e1 en edad de trabajar, justificante de estar inscrito\/a en los servicios de empleo.<\/li><li>En cuanto a los ingresos o al patrimonio, hay que hacer una declaraci\u00f3n responsable de ingresos y patrimonio, autorizando a la Seguridad Social para que compruebe los datos.<\/li><li>Otros documentos espec\u00edficos en los supuestos de separaci\u00f3n o divorcio, o separaci\u00f3n o divorcio en tr\u00e1mite; en los casos en que medie representaci\u00f3n legal del solicitante; situaciones de violencia de g\u00e9nero, v\u00edctimas de trata o explotaci\u00f3n sexual o en el caso de menores emancipados.<\/li><\/ul>\n","protected":false},"excerpt":{"rendered":"<p>El sistema preferente para pedirlo es la solicitud telem\u00e1tica. En cualquier caso, hay que rellenar este impreso. Se permite el &hellip; <a href=\"https:\/\/www.avlaflor.org\/?page_id=3410\" class=\"more-link\">M\u00e1s <span class=\"screen-reader-text\">Procedimiento para solicitar el IMV<\/span> <span class=\"meta-nav\">&rarr;<\/span><\/a><\/p>\n","protected":false},"author":6,"featured_media":0,"parent":3154,"menu_order":0,"comment_status":"closed","ping_status":"closed","template":"","meta":{"jetpack_post_was_ever_published":false,"footnotes":""},"class_list":["post-3410","page","type-page","status-publish","hentry"],"jetpack_sharing_enabled":true,"_links":{"self":[{"href":"https:\/\/www.avlaflor.org\/index.php?rest_route=\/wp\/v2\/pages\/3410","targetHints":{"allow":["GET"]}}],"collection":[{"href":"https:\/\/www.avlaflor.org\/index.php?rest_route=\/wp\/v2\/pages"}],"about":[{"href":"https:\/\/www.avlaflor.org\/index.php?rest_route=\/wp\/v2\/types\/page"}],"author":[{"embeddable":true,"href":"https:\/\/www.avlaflor.org\/index.php?rest_route=\/wp\/v2\/users\/6"}],"replies":[{"embeddable":true,"href":"https:\/\/www.avlaflor.org\/index.php?rest_route=%2Fwp%2Fv2%2Fcomments&post=3410"}],"version-history":[{"count":4,"href":"https:\/\/www.avlaflor.org\/index.php?rest_route=\/wp\/v2\/pages\/3410\/revisions"}],"predecessor-version":[{"id":3433,"href":"https:\/\/www.avlaflor.org\/index.php?rest_route=\/wp\/v2\/pages\/3410\/revisions\/3433"}],"up":[{"embeddable":true,"href":"https:\/\/www.avlaflor.org\/index.php?rest_route=\/wp\/v2\/pages\/3154"}],"wp:attachment":[{"href":"https:\/\/www.avlaflor.org\/index.php?rest_route=%2Fwp%2Fv2%2Fmedia&parent=3410"}],"curies":[{"name":"wp","href":"https:\/\/api.w.org\/{rel}","templated":true}]}}