{"id":3447,"date":"2020-08-12T12:16:42","date_gmt":"2020-08-12T10:16:42","guid":{"rendered":"http:\/\/www.avlaflor.org\/?page_id=3447"},"modified":"2021-01-31T18:36:06","modified_gmt":"2021-01-31T17:36:06","slug":"las-donaciones","status":"publish","type":"page","link":"https:\/\/www.avlaflor.org\/?page_id=3447","title":{"rendered":"Las donaciones en el 2020"},"content":{"rendered":"\n<p class=\"has-medium-font-size\">A lo largo de los meses de marzo a julio, per\u00edodo en el que hemos tenido abierta y funcionando la despensa de la <strong><a href=\"https:\/\/www.avlaflor.org\/?page_id=3154\" target=\"_blank\" rel=\"noreferrer noopener\">Red de Apoyo Mutuo Comunitario<\/a><\/strong>, hemos recibido muchas donaciones de productos diversos de alimentaci\u00f3n, higiene y limpieza, que han servido para nutrir la base de la despensa.<\/p>\n\n\n\n<p class=\"has-medium-font-size\">En paralelo,  hemos recibido tambi\u00e9n donaciones en dinero, tanto en la cuenta de la Asociaci\u00f3n Vecinal La Flor, soporte organizativo y legal de la Red, como directamente en mano en la despensa, que nos han servido para completar los productos donados y comprar aquellos otros que tambi\u00e9n son b\u00e1sicos en una alimentaci\u00f3n saludable, como los frescos, frutas, verduras y prote\u00ednas. Productos que hemos adquirido en el comercio local cercano.<\/p>\n\n\n\n<p class=\"has-medium-font-size\">A todas las personas y colectivos que hab\u00e9is donado de alguna manera, y al comercio de cercan\u00eda que ha contribuido, queremos daros las gracias.<\/p>\n\n\n\n<figure class=\"wp-block-embed is-type-video is-provider-youtube wp-block-embed-youtube wp-embed-aspect-16-9 wp-has-aspect-ratio\"><div class=\"wp-block-embed__wrapper\">\n<iframe loading=\"lazy\" title=\"Gracias!\" width=\"825\" height=\"464\" src=\"https:\/\/www.youtube.com\/embed\/AYZgdoOBrco?feature=oembed\" frameborder=\"0\" allow=\"accelerometer; autoplay; clipboard-write; encrypted-media; gyroscope; picture-in-picture\" allowfullscreen><\/iframe>\n<\/div><\/figure>\n\n\n\n<p class=\"has-medium-font-size\">Con vuestra colaboraci\u00f3n, hemos ayudado a paliar las dificultades alimenticias de m\u00e1s de 200 familias en estos meses de crisis social.<\/p>\n\n\n\n<p class=\"has-medium-font-size\">Pero no solo. En este tiempo hemos visto las dificultades de muchas familias para que sus hijas e hijos pudiesen seguir las clases de forma online, o las dificultades de otras personas para acceder a los servicios de empleo, vivienda, etc&#8230; para gestionar temas relacionados con el paro, el erte, la formaci\u00f3n, el alquiler, el imv&#8230; Por eso, hemos dedicado una parte de las donaciones a la compra de tablets, adem\u00e1s de potenciar el espacio de la biblioteca comunitaria que gestionamos en el Centro Comunitario Guatemala, con la disposici\u00f3n de varios ordenadores de uso libre con acceso a internet.<\/p>\n\n\n\n<p class=\"has-medium-font-size\">Tras el verano no reabrimos la despensa, aunque hemos realizado algunos repartos de alimentos gracias a actuaciones espec\u00edficas de algunas empresas y entidades, entre ellas la FRAVM. Y hemos continuado recibiendo donaciones para la Red de Apoyo Mutuo Comunitario hasta finales del a\u00f1o.<\/p>\n\n\n\n<p class=\"has-medium-font-size\"><strong>El ingreso total ha sido  de 11.898,91 \u20ac, de los cuales, <strong>2.090 \u20ac han ido a compra de tablets para  apoyo escolar y formativo y <\/strong><\/strong>  <strong>7.334, 15 \u20ac<\/strong>, <strong>han ido a la despensa . <\/strong><\/p>\n\n\n\n<p class=\"has-medium-font-size\"><strong>A 31 de diciembre tenemos un saldo de 2.474,76 \u20ac.   <\/strong><\/p>\n","protected":false},"excerpt":{"rendered":"<p>A lo largo de los meses de marzo a julio, per\u00edodo en el que hemos tenido abierta y funcionando la &hellip; <a href=\"https:\/\/www.avlaflor.org\/?page_id=3447\" class=\"more-link\">M\u00e1s <span class=\"screen-reader-text\">Las donaciones en el 2020<\/span> <span class=\"meta-nav\">&rarr;<\/span><\/a><\/p>\n","protected":false},"author":6,"featured_media":3222,"parent":3154,"menu_order":0,"comment_status":"closed","ping_status":"closed","template":"","meta":{"jetpack_post_was_ever_published":false,"footnotes":""},"class_list":["post-3447","page","type-page","status-publish","has-post-thumbnail","hentry"],"jetpack_sharing_enabled":true,"_links":{"self":[{"href":"https:\/\/www.avlaflor.org\/index.php?rest_route=\/wp\/v2\/pages\/3447","targetHints":{"allow":["GET"]}}],"collection":[{"href":"https:\/\/www.avlaflor.org\/index.php?rest_route=\/wp\/v2\/pages"}],"about":[{"href":"https:\/\/www.avlaflor.org\/index.php?rest_route=\/wp\/v2\/types\/page"}],"author":[{"embeddable":true,"href":"https:\/\/www.avlaflor.org\/index.php?rest_route=\/wp\/v2\/users\/6"}],"replies":[{"embeddable":true,"href":"https:\/\/www.avlaflor.org\/index.php?rest_route=%2Fwp%2Fv2%2Fcomments&post=3447"}],"version-history":[{"count":9,"href":"https:\/\/www.avlaflor.org\/index.php?rest_route=\/wp\/v2\/pages\/3447\/revisions"}],"predecessor-version":[{"id":3714,"href":"https:\/\/www.avlaflor.org\/index.php?rest_route=\/wp\/v2\/pages\/3447\/revisions\/3714"}],"up":[{"embeddable":true,"href":"https:\/\/www.avlaflor.org\/index.php?rest_route=\/wp\/v2\/pages\/3154"}],"wp:featuredmedia":[{"embeddable":true,"href":"https:\/\/www.avlaflor.org\/index.php?rest_route=\/wp\/v2\/media\/3222"}],"wp:attachment":[{"href":"https:\/\/www.avlaflor.org\/index.php?rest_route=%2Fwp%2Fv2%2Fmedia&parent=3447"}],"curies":[{"name":"wp","href":"https:\/\/api.w.org\/{rel}","templated":true}]}}