{"id":35,"date":"2012-01-22T13:34:07","date_gmt":"2012-01-22T12:34:07","guid":{"rendered":"http:\/\/nueva.avlaflor.org\/?page_id=35"},"modified":"2025-01-06T10:49:11","modified_gmt":"2025-01-06T09:49:11","slug":"lo-que-somos-y-hacemos","status":"publish","type":"page","link":"https:\/\/www.avlaflor.org\/?page_id=35","title":{"rendered":"La Flor"},"content":{"rendered":"\n<p class=\"has-medium-font-size\">Las personas que formamos parte de la asociaci\u00f3n vecinal, la entendemos como una herramienta al servicio de la ciudadan\u00eda de los barrios. Un espacio pol\u00edtico ciudadano cooperativo, que promueve democracias directas, inclusivas, deliberativas y participativas, y todo ello desde la mirada de los feminismos y enfocada a poner la vida en el centro.<\/p>\n\n\n\n<p class=\"has-medium-font-size\">La Flor es <strong>un espacio pol\u00edtico <\/strong>porque nuestra actividad est\u00e1 enfocada a mejorar nuestras vidas como personas y como vecinas y vecinos, mediante nuestra participaci\u00f3n e implicaci\u00f3n activa en las decisiones que nos afectan.<\/p>\n\n\n\n<p class=\"has-medium-font-size\">Y lo hacemos <strong>con herramientas de las democracias directas<\/strong>, porque queremos que nuestras voces se oigan m\u00e1s all\u00e1 de las elecciones cada cuatro a\u00f1os.<\/p>\n\n\n\n<p class=\"has-medium-font-size\"><strong>Con herramientas de las democracias inclusivas,<\/strong> porque no todas las personas tienen-tenemos las mismas posibilidades, capacidades o disponibilidades para participar e implicarnos de la misma manera y en los mismos tiempos.<\/p>\n\n\n\n<p class=\"has-medium-font-size\"><strong>Con herramientas de las democracias deliberativas<\/strong>, porque solo hablando entre nosotras y, sobre todo, escuch\u00e1ndonos unas a otras, podemos llegar a comprender las motivaciones de todas, las necesidades sentidas por unas y otras, y llegar a acuerdos solidarios y equitativos.<\/p>\n\n\n\n<p class=\"has-medium-font-size\"><strong>Con herramientas de las democracias participativas<\/strong>, porque estas tienen en cuenta todas las anteriores, y nos ayudan a avanzar en el marco actual, abriendo m\u00e1s y mejores caminos en esto que llamamos democracias.<\/p>\n\n\n\n<p class=\"has-medium-font-size\"><strong>Desde las miradas feministas<\/strong> porque es la que a d\u00eda de hoy nos asegura, no solo que nuestras pr\u00e1cticas vecinales no discriminen a ninguna persona sino que, adem\u00e1s, contribuyan a disminuir hasta <strong>eliminar las desigualdades existentes<\/strong> entre las personas por identificarse o no con un sexo determinado, provenir de una u otra cultura, situarse en determinados status sociales o econ\u00f3micos, tener unas u otras capacidades&#8230;<\/p>\n\n\n\n<p class=\"has-medium-font-size\">Enfocada a <strong>poner la vida en el centro,<\/strong> porque aunque los procesos de sostenimiento de la vida est\u00e1n en la base de la actividad econ\u00f3mica,  y \u00e9sta no ser\u00eda posible sin ellos, la sociedad patriarcal y capitalista en la que nos movemos, los ha dejado siempre en segundo plano, primando el capital y su acumulaci\u00f3n frente a una econom\u00eda social y solidaria.<\/p>\n\n\n\n<p class=\"has-medium-font-size\"><\/p>\n\n\n\n<p><\/p>\n","protected":false},"excerpt":{"rendered":"<p>Las personas que formamos parte de la asociaci\u00f3n vecinal, la entendemos como una herramienta al servicio de la ciudadan\u00eda de &hellip; <a href=\"https:\/\/www.avlaflor.org\/?page_id=35\" class=\"more-link\">M\u00e1s <span class=\"screen-reader-text\">La Flor<\/span> <span class=\"meta-nav\">&rarr;<\/span><\/a><\/p>\n","protected":false},"author":6,"featured_media":0,"parent":0,"menu_order":0,"comment_status":"closed","ping_status":"open","template":"","meta":{"jetpack_post_was_ever_published":false,"footnotes":""},"class_list":["post-35","page","type-page","status-publish","hentry"],"jetpack_sharing_enabled":true,"_links":{"self":[{"href":"https:\/\/www.avlaflor.org\/index.php?rest_route=\/wp\/v2\/pages\/35","targetHints":{"allow":["GET"]}}],"collection":[{"href":"https:\/\/www.avlaflor.org\/index.php?rest_route=\/wp\/v2\/pages"}],"about":[{"href":"https:\/\/www.avlaflor.org\/index.php?rest_route=\/wp\/v2\/types\/page"}],"author":[{"embeddable":true,"href":"https:\/\/www.avlaflor.org\/index.php?rest_route=\/wp\/v2\/users\/6"}],"replies":[{"embeddable":true,"href":"https:\/\/www.avlaflor.org\/index.php?rest_route=%2Fwp%2Fv2%2Fcomments&post=35"}],"version-history":[{"count":14,"href":"https:\/\/www.avlaflor.org\/index.php?rest_route=\/wp\/v2\/pages\/35\/revisions"}],"predecessor-version":[{"id":4360,"href":"https:\/\/www.avlaflor.org\/index.php?rest_route=\/wp\/v2\/pages\/35\/revisions\/4360"}],"wp:attachment":[{"href":"https:\/\/www.avlaflor.org\/index.php?rest_route=%2Fwp%2Fv2%2Fmedia&parent=35"}],"curies":[{"name":"wp","href":"https:\/\/api.w.org\/{rel}","templated":true}]}}