{"id":3561,"date":"2020-12-07T13:40:15","date_gmt":"2020-12-07T12:40:15","guid":{"rendered":"http:\/\/www.avlaflor.org\/?page_id=3561"},"modified":"2021-01-30T11:54:58","modified_gmt":"2021-01-30T10:54:58","slug":"oficina-de-derechos-sociales","status":"publish","type":"page","link":"https:\/\/www.avlaflor.org\/?page_id=3561","title":{"rendered":"Oficina de Derechos Sociales 2020"},"content":{"rendered":"\n<p class=\"has-medium-font-size\">El proyecto de la Oficina de Derechos Sociales, surge al calor de la Red de Apoyo Mutuo Comunitario puesta en funcionamiento en marzo de este a\u00f1o de la pandemia. <\/p>\n\n\n\n<p class=\"has-medium-font-size\">Por un lado, entre octubre y diciembre, realizamos el dise\u00f1o participativo de lo que ser\u00e1 la oficina. Para ello abrimos grupo motor, pues quer\u00edamos que desde su ideaci\u00f3n y configuraci\u00f3n interviniesen personas y colectivos que quieran implicarse desde los saberes y necesidades de cada cual, desde la perspectiva de g\u00e9nero y la sostenibilidad ambiental, aportando y recibiendo al mismo tiempo.<\/p>\n\n\n\n<p class=\"has-medium-font-size\">En estos  meses del 2020, el grupo motor ha desarrollado su trabajo en <strong>tres l\u00edneas de forma paralela a las asesor\u00edas iniciadas antes del verano en la Red de Apoyo Mutuo<\/strong> Comunitario, que han aportado experiencia a la Oficina: <\/p>\n\n\n\n<p class=\"has-medium-font-size\">1. Autorreflexi\u00f3n sobre el punto de partida y primeros objetivos<\/p>\n\n\n\n<p class=\"has-medium-font-size\">2. Diagn\u00f3stico de nodos, entidades, espacios y necesidades (mapeos, identificaci\u00f3n, escucha activa de posiciones discursivas, nudos cr\u00edticos, l\u00edneas prioritarias)<\/p>\n\n\n\n<p class=\"has-medium-font-size\">3. Planificaci\u00f3n (a partir de las l\u00edneas prioritarias: idea fuerza, plan de acci\u00f3n, grupos motores)<\/p>\n\n\n\n<p class=\"has-medium-font-size\">Para comenzar a realizar el mapeo, identificamos las zonas del distrito con las que podr\u00edamos interactuar, y esto nos llev\u00f3 a pensar en cuatro nudos territoriales que abarcan los barrios del Pilar y La Paz completos,  el barrio el barrio de Bego\u00f1a y una zona de Pe\u00f1agrande, desde el sur del barrio del Pilar hasta Lacoma.<\/p>\n\n\n\n<figure class=\"wp-block-image size-large\"><img loading=\"lazy\" decoding=\"async\" width=\"1024\" height=\"768\" data-attachment-id=\"3563\" data-permalink=\"https:\/\/www.avlaflor.org\/?attachment_id=3563\" data-orig-file=\"https:\/\/www.avlaflor.org\/wp-content\/uploads\/2020\/12\/NodosDiagnosticoODS.jpg\" data-orig-size=\"1599,1200\" data-comments-opened=\"0\" data-image-meta=\"{&quot;aperture&quot;:&quot;0&quot;,&quot;credit&quot;:&quot;&quot;,&quot;camera&quot;:&quot;&quot;,&quot;caption&quot;:&quot;&quot;,&quot;created_timestamp&quot;:&quot;0&quot;,&quot;copyright&quot;:&quot;&quot;,&quot;focal_length&quot;:&quot;0&quot;,&quot;iso&quot;:&quot;0&quot;,&quot;shutter_speed&quot;:&quot;0&quot;,&quot;title&quot;:&quot;&quot;,&quot;orientation&quot;:&quot;0&quot;}\" data-image-title=\"NodosDiagnosticoODS\" data-image-description=\"\" data-image-caption=\"\" data-large-file=\"https:\/\/www.avlaflor.org\/wp-content\/uploads\/2020\/12\/NodosDiagnosticoODS-1024x768.jpg\" src=\"http:\/\/www.avlaflor.org\/wp-content\/uploads\/2020\/12\/NodosDiagnosticoODS-1024x768.jpg\" alt=\"\" class=\"wp-image-3563\" srcset=\"https:\/\/www.avlaflor.org\/wp-content\/uploads\/2020\/12\/NodosDiagnosticoODS-1024x768.jpg 1024w, https:\/\/www.avlaflor.org\/wp-content\/uploads\/2020\/12\/NodosDiagnosticoODS-300x225.jpg 300w, https:\/\/www.avlaflor.org\/wp-content\/uploads\/2020\/12\/NodosDiagnosticoODS-150x113.jpg 150w, https:\/\/www.avlaflor.org\/wp-content\/uploads\/2020\/12\/NodosDiagnosticoODS-768x576.jpg 768w, https:\/\/www.avlaflor.org\/wp-content\/uploads\/2020\/12\/NodosDiagnosticoODS-1536x1153.jpg 1536w, https:\/\/www.avlaflor.org\/wp-content\/uploads\/2020\/12\/NodosDiagnosticoODS.jpg 1599w\" sizes=\"auto, (max-width: 1024px) 100vw, 1024px\" \/><\/figure>\n\n\n\n<p class=\"has-medium-font-size\">Tras la primera reuni\u00f3n del grupo motor, y organizados ya los grupos de mapeos en cada zona, abordamos en paralelo la elaboraci\u00f3n de cuestionarios dirigidos, por un lado a las asociaciones y entidades de cada zona y, por otro, a recursos p\u00fablicos de las mismas.<\/p>\n\n\n\n<p class=\"has-medium-font-size\">Con los datos producidos, junto a los obtenidos en el transcurso de los asesoramientos, abordamos la reflexi\u00f3n, debate y dise\u00f1o, en base a las conclusiones del diagn\u00f3stico, lo que nos ha permitido poner en marcha la  <strong>Oficina de Derechos Sociales y Apoyo Mutuo Comunitario<\/strong> en el distrito de Fuencarral El Pardo, objetivo del proyecto. En estos dos boletines tienes m\u00e1s informaci\u00f3n. <\/p>\n\n\n\n<p class=\"has-medium-font-size\"><strong><a href=\"http:\/\/www.avlaflor.org\/wp-content\/uploads\/2021\/01\/BoletinOds20.pdf\" target=\"_blank\" rel=\"noreferrer noopener\">Bolet\u00edn ODS. La puesta en marcha<\/a><\/strong><\/p>\n\n\n\n<p class=\"has-medium-font-size\"><strong><a href=\"http:\/\/www.avlaflor.org\/wp-content\/uploads\/2021\/01\/BoletinDiagnostico20.pdf\" target=\"_blank\" rel=\"noreferrer noopener\">Bolet\u00edn Diagn\u00f3stico Participativo<\/a><\/strong><\/p>\n","protected":false},"excerpt":{"rendered":"<p>El proyecto de la Oficina de Derechos Sociales, surge al calor de la Red de Apoyo Mutuo Comunitario puesta en &hellip; <a href=\"https:\/\/www.avlaflor.org\/?page_id=3561\" class=\"more-link\">M\u00e1s <span class=\"screen-reader-text\">Oficina de Derechos Sociales 2020<\/span> <span class=\"meta-nav\">&rarr;<\/span><\/a><\/p>\n","protected":false},"author":1,"featured_media":0,"parent":0,"menu_order":0,"comment_status":"closed","ping_status":"closed","template":"","meta":{"jetpack_post_was_ever_published":false,"footnotes":""},"class_list":["post-3561","page","type-page","status-publish","hentry"],"jetpack_sharing_enabled":true,"_links":{"self":[{"href":"https:\/\/www.avlaflor.org\/index.php?rest_route=\/wp\/v2\/pages\/3561","targetHints":{"allow":["GET"]}}],"collection":[{"href":"https:\/\/www.avlaflor.org\/index.php?rest_route=\/wp\/v2\/pages"}],"about":[{"href":"https:\/\/www.avlaflor.org\/index.php?rest_route=\/wp\/v2\/types\/page"}],"author":[{"embeddable":true,"href":"https:\/\/www.avlaflor.org\/index.php?rest_route=\/wp\/v2\/users\/1"}],"replies":[{"embeddable":true,"href":"https:\/\/www.avlaflor.org\/index.php?rest_route=%2Fwp%2Fv2%2Fcomments&post=3561"}],"version-history":[{"count":5,"href":"https:\/\/www.avlaflor.org\/index.php?rest_route=\/wp\/v2\/pages\/3561\/revisions"}],"predecessor-version":[{"id":3708,"href":"https:\/\/www.avlaflor.org\/index.php?rest_route=\/wp\/v2\/pages\/3561\/revisions\/3708"}],"wp:attachment":[{"href":"https:\/\/www.avlaflor.org\/index.php?rest_route=%2Fwp%2Fv2%2Fmedia&parent=3561"}],"curies":[{"name":"wp","href":"https:\/\/api.w.org\/{rel}","templated":true}]}}