{"id":3888,"date":"2021-09-20T12:22:38","date_gmt":"2021-09-20T10:22:38","guid":{"rendered":"http:\/\/www.avlaflor.org\/?page_id=3888"},"modified":"2022-08-13T12:42:30","modified_gmt":"2022-08-13T10:42:30","slug":"barriolab-ecosocial","status":"publish","type":"page","link":"https:\/\/www.avlaflor.org\/?page_id=3888","title":{"rendered":"BarrioLab EcoSocial"},"content":{"rendered":"\n<p class=\"has-medium-font-size\">Este es el nombre que le hemos dado al Laboratorio que hemos abierto en la edici\u00f3n de <strong><a href=\"https:\/\/labsbibliotecarios.es\/\" target=\"_blank\" rel=\"noreferrer noopener\">LabsBibliotecarios 2021<\/a><\/strong>, iniciativa que forma parte de <strong>Laboratorios Ciudadanos Distribuidos<\/strong>, proyecto en colaboraci\u00f3n entre la Subdirecci\u00f3n general de Coordinaci\u00f3n Bibliotecaria (Ministerio de Cultura y Deporte de Espa\u00f1a) y Medialab Prado (Ayuntamiento de Madrid).<\/p>\n\n\n\n<p class=\"has-medium-font-size\">En este laboratorio buscaremos aquellas iniciativas que a trav\u00e9s de formatos innovadores nos acerquen un poco m\u00e1s a los derechos sociales y medioambientales que necesitamos practicar en nuestro d\u00eda a d\u00eda. Se trata, por tanto, de desarrollar una experiencia colaborativa para visibilizar, dise\u00f1ar y concretar iniciativas de las vecinas y vecinos del distrito y alrededores, que contribuyan a mejorar nuestra vida, ya sea resolviendo problemas o situaciones existentes, como abriendo nuevas perspectivas\u2026<\/p>\n\n\n\n<p class=\"has-medium-font-size\">Aunque partimos de ideas individuales, una vez que la presentamos y la acogemos, pasan a ser colectivas, no solo de las personas que forman los equipos que la desarrollar\u00e1n, sino de todas aquellas que posteriormente la conozcan y quieran replicarlas desde sus propias percepciones.<\/p>\n\n\n\n<p class=\"has-medium-font-size\">Las ideas, propuestas, pueden ser del tipo dise\u00f1ar un taller de arreglo de bicicletas, construir una cocina solar, dise\u00f1ar y\/o realizar un programa de radio sobre los derechos sociales y los objetivos de desarrollo sostenible, hacer un video sobre los derechos sociales y ODS 2030, dise\u00f1ar alguna propuesta relacionada para presentar en los presupuestos participativos del ayto Madrid, realizar un inventario de literatura actual en castellano sobre los derechos sociales y los ODS 2030&#8230;<\/p>\n\n\n\n<p class=\"has-medium-font-size\">Se puede presentar cualquier propuesta que pueda ser dise\u00f1ada, construida o desarrollada en una primera versi\u00f3n en los plazos previstos.<\/p>\n\n\n\n<p class=\"has-medium-font-size\">Queremos que sea un aprendizaje colectivo y creativo y lo m\u00e1s autogestionado y en red posible, que nos ilusione para seguir abriendo nuevos proyectos que mejoren la vida de las personas, los colectivos, la comunidad y el medio ambiente. <strong>Porque de eso trata este laboratorio<\/strong>.<\/p>\n\n\n\n<p class=\"has-medium-font-size\">Puede participar cualquier persona que quiera compartir ideas, conocimientos y aprendizaje. No es necesario vivir en el distrito de Fuencarral El Pardo, pero el proyecto s\u00ed debe referenciarse y poder realizarse en el distrito.<\/p>\n\n\n\n<h3 class=\"wp-block-heading\">Como presentar un proyecto<\/h3>\n\n\n\n<p class=\"has-medium-font-size\">A trav\u00e9s de <strong><a rel=\"noreferrer noopener\" href=\"https:\/\/docs.google.com\/forms\/d\/e\/1FAIpQLSdwThHsfhjHDiqUKeb-JLC83u21uZiviAmaZUzx1QfVoVO98g\/viewform\" target=\"_blank\">este formulario<\/a><\/strong>, pero si tienes alg\u00fan problema para hacerlo por esa v\u00eda, nos lo dices: <a href=\"mailto:avlaflor@avlaflor.org\"><strong>avlaflor@avlaflor.org<\/strong><\/a><\/p>\n\n\n\n<p class=\"has-medium-font-size\"><strong>Al presentar el proyecto, te comprometes a<\/strong><\/p>\n\n\n\n<ul class=\"wp-block-list\"><li>Asistir a los talleres colectivos de producci\u00f3n de proyectos que convocaremos en los fines de semana 5 a 7 de noviembre (inicio del proyecto) y 10 a 12 de diciembre (presentaci\u00f3n de resultados)<\/li><li>Desarrollar el proyecto entre ambos fines de semana junto a tu equipo de personas colaboradoras en los espacios de trabajo habilitados para la ocasi\u00f3n, con la flexibilidad que consider\u00e9is.<\/li><li>Guardar una actitud de respeto hacia todas las personas.<\/li><li>Aceptar la participaci\u00f3n de personas colaboradoras interesadas, reconociendo y acreditando la participaci\u00f3n de cada una de ellas<\/li><li>Aceptar el paso de la idea personal a la idea com\u00fan: el proyecto final es de todxs<\/li><li>Documentar los proyectos con el apoyo de la organizaci\u00f3n.<\/li><li>Presentar p\u00fablicamente el proyecto en la sesi\u00f3n final.<\/li><li>Cuidar los materiales, los espacios y el ambiente de trabajo en equipo.<\/li><li>Promover la cultura libre y divulgar el conocimiento desarrollado con el fin de que est\u00e9n disponibles bajo licencias abiertas.<\/li><\/ul>\n\n\n\n<h3 class=\"wp-block-heading\">Nuestro compromiso<\/h3>\n\n\n\n<p class=\"has-medium-font-size\">Ofrecemos el espacio de la Biblioteca del Centro Comunitario Guatemala para trabajar, al igual que las dos salas de la Asociaci\u00f3n Vecinal La Flor, en una de las cuales se encuentra la infraestructura de la radio comunitaria Onda Violeta. Y, en caso de ser necesario, se podr\u00e1 utilizar tambi\u00e9n alguna otra sala del centro comunitario. Pondremos a disposici\u00f3n, tambi\u00e9n, materiales b\u00e1sicos de oficina (rotuladores, papel, papel\u00f3grafo, pos-it\u2026).<\/p>\n\n\n\n<h3 class=\"wp-block-heading\">Selecci\u00f3n de proyectos<\/h3>\n\n\n\n<p class=\"has-medium-font-size\">Los proyectos presentados, ser\u00e1n evaluados por un comit\u00e9 que se reunir\u00e1 tras el cierre de la convocatoria y seleccionar\u00e1 un m\u00e1ximo de 10 propuestas.<\/p>\n\n\n\n<p class=\"has-medium-font-size\">El comit\u00e9 estar\u00e1 formado por una persona de  la entidad organizadora, una persona del Centro Comunitario Guatemala, una persona de la ODS y Apoyo Mutuo Comunitario, una persona de la Biblioteca Comunitaria y una persona del IES Principe Felipe.<\/p>\n\n\n\n<h3 class=\"wp-block-heading\">Criterios de valoraci\u00f3n de los proyectos<\/h3>\n\n\n\n<p class=\"has-medium-font-size\">En la selecci\u00f3n de los proyectos el comit\u00e9 valorar\u00e1 los siguientes aspectos:<\/p>\n\n\n\n<ul class=\"wp-block-list\"><li>Claridad de la propuesta<\/li><li>Adecuaci\u00f3n al objetivo y tem\u00e1tica de la convocatoria<\/li><li>Vinculaci\u00f3n con el territorio<\/li><li>Que la idea incorpore varios perfiles con diferentes miradas, saberes y habilidades<\/li><li>Que la propuesta est\u00e9 abierta a cambios durante el proceso<\/li><li>Que sea viable t\u00e9cnicamente con los recursos y el plazo disponibles<\/li><li>Sostenibilidad del proyecto: optimizaci\u00f3n de recursos, reciclaje de materiales y residuos cero<\/li><li>Posibilidad de reutilizar de forma creativa otros proyectos realizados en otros lugares<\/li><\/ul>\n\n\n\n<h3 class=\"wp-block-heading\">Calendario y fases<\/h3>\n\n\n\n<ul class=\"wp-block-list\"><li>Convocatoria de proyectos: del 20 de septiembre al 10 de octubre de 2021<\/li><li>Publicaci\u00f3n de las ideas seleccionadas: 13 de octubre<\/li><li>Convocatoria de personas colaboradoras: del 13 al 31 de octubre<\/li><li>Talleres de producci\u00f3n: del 5 de noviembre al 12 de diciembre en el Centro Comunitario Guatemala<\/li><\/ul>\n\n\n\n<h3 class=\"wp-block-heading\">Limitaciones de responsabilidad<\/h3>\n\n\n\n<p class=\"has-medium-font-size\">La organizaci\u00f3n no se hace responsable del uso de los datos o los contenidos que puedan utilizar las personas participantes. As\u00ed como tampoco lo son de los derechos de autor\u00eda o aquellos derechos que correspondan a terceros conforme las leyes respectivas.<\/p>\n\n\n\n<h3 class=\"wp-block-heading\"><strong>Interpretaci\u00f3n y modificaci\u00f3n de los t\u00e9rminos de esta convocatoria<\/strong><\/h3>\n\n\n\n<p class=\"has-medium-font-size\">La organizaci\u00f3n podr\u00e1 realizar las modificaciones e interpretaciones que considere pertinentes, con el fin de aclarar los supuestos fijados. Todas aquellas circunstancias no previstas en la presente convocatoria ser\u00e1n resueltas por la organizaci\u00f3n. Las decisiones, calificaci\u00f3n y resultado de la selecci\u00f3n de proyectos son inapelables. La participaci\u00f3n en la presente convocatoria supone la aceptaci\u00f3n de todas sus bases y de los contenidos de la misma.<\/p>\n","protected":false},"excerpt":{"rendered":"<p>Este es el nombre que le hemos dado al Laboratorio que hemos abierto en la edici\u00f3n de LabsBibliotecarios 2021, iniciativa &hellip; <a href=\"https:\/\/www.avlaflor.org\/?page_id=3888\" class=\"more-link\">M\u00e1s <span class=\"screen-reader-text\">BarrioLab EcoSocial<\/span> <span class=\"meta-nav\">&rarr;<\/span><\/a><\/p>\n","protected":false},"author":6,"featured_media":0,"parent":0,"menu_order":0,"comment_status":"closed","ping_status":"closed","template":"","meta":{"footnotes":""},"class_list":["post-3888","page","type-page","status-publish","hentry"],"jetpack_sharing_enabled":true,"_links":{"self":[{"href":"https:\/\/www.avlaflor.org\/index.php?rest_route=\/wp\/v2\/pages\/3888","targetHints":{"allow":["GET"]}}],"collection":[{"href":"https:\/\/www.avlaflor.org\/index.php?rest_route=\/wp\/v2\/pages"}],"about":[{"href":"https:\/\/www.avlaflor.org\/index.php?rest_route=\/wp\/v2\/types\/page"}],"author":[{"embeddable":true,"href":"https:\/\/www.avlaflor.org\/index.php?rest_route=\/wp\/v2\/users\/6"}],"replies":[{"embeddable":true,"href":"https:\/\/www.avlaflor.org\/index.php?rest_route=%2Fwp%2Fv2%2Fcomments&post=3888"}],"version-history":[{"count":1,"href":"https:\/\/www.avlaflor.org\/index.php?rest_route=\/wp\/v2\/pages\/3888\/revisions"}],"predecessor-version":[{"id":3890,"href":"https:\/\/www.avlaflor.org\/index.php?rest_route=\/wp\/v2\/pages\/3888\/revisions\/3890"}],"wp:attachment":[{"href":"https:\/\/www.avlaflor.org\/index.php?rest_route=%2Fwp%2Fv2%2Fmedia&parent=3888"}],"curies":[{"name":"wp","href":"https:\/\/api.w.org\/{rel}","templated":true}]}}